{"id":73,"date":"2017-03-09T19:15:12","date_gmt":"2017-03-09T18:15:12","guid":{"rendered":"https:\/\/tonnelleriemillet.com\/fr\/?page_id=73"},"modified":"2021-06-21T15:28:26","modified_gmt":"2021-06-21T13:28:26","slug":"la-tonnellerie-millet","status":"publish","type":"page","link":"https:\/\/www.tonnelleriemillet.com\/fr\/la-tonnellerie-millet\/","title":{"rendered":"NOTRE HISTOIRE"},"content":{"rendered":"<p style=\"text-align: justify;\"><span style=\"font-size: 18pt;\"><strong><span style=\"font-family: book antiqua, palatino, serif; color: #008000;\">L\u2019H\u00c9RITAGE D&rsquo;UN SAVOIR-FAIRE<\/span><\/strong><\/span><\/p>\n<hr>\n<p style=\"text-align: justify;\"><span style=\"color: #008000;\"><em><span style=\"font-family: book antiqua, palatino, serif; font-size: 14pt;\">L&rsquo;excellence pour tradition familiale<\/span><\/em><\/span><\/p>\n<p style=\"text-align: justify;\"><img loading=\"lazy\" decoding=\"async\" class=\"alignleft wp-image-1082 size-medium\" src=\"https:\/\/www.tonnelleriemillet.com\/fr\/wp-content\/uploads\/2018\/12\/D1-197x300.jpg\" alt=\"\" width=\"197\" height=\"300\" srcset=\"https:\/\/www.tonnelleriemillet.com\/fr\/wp-content\/uploads\/2018\/12\/D1-197x300.jpg 197w, https:\/\/www.tonnelleriemillet.com\/fr\/wp-content\/uploads\/2018\/12\/D1-350x534.jpg 350w, https:\/\/www.tonnelleriemillet.com\/fr\/wp-content\/uploads\/2018\/12\/D1.jpg 407w\" sizes=\"auto, (max-width: 197px) 100vw, 197px\" \/><\/p>\n<p style=\"text-align: justify;\"><span style=\"font-family: arial, helvetica, sans-serif; font-size: 10pt;\">En 1952, Guy MILLET cr\u00e9\u00e9e sa tonnellerie \u00e0 Puisseguin, pr\u00e8s&nbsp; de Saint-Emilion, au c\u0153ur du vignoble bordelais. Son fils<strong> Dominique travaille \u00e0 ses c\u00f4t\u00e9s pendant des ann\u00e9es, b\u00e9n\u00e9ficiant ainsi de son exp\u00e9rience et de son savoir-faire de <\/strong><strong>compagnon tonnelier<\/strong>. En 1995, Dominique MILLET prend la Direction de l\u2019entreprise familiale et, en 2000, il d\u00e9cide de transf\u00e9rer l\u2019atelier \u00e0 quelques kilom\u00e8tres, la commune de Galgon, o\u00f9 ils se trouve aujourd\u2019hui.<\/span><\/p>\n<p style=\"text-align: justify;\"><span style=\"font-family: arial, helvetica, sans-serif; font-size: 10pt;\">Le compagnonnage de Guy MILLET a permis d\u2019<strong>insuffler la culture de l\u2019excellence artisanale au c\u0153ur de l\u2019entreprise : <\/strong>chaque barrique est fabriqu\u00e9e et personnalis\u00e9e avec une attention particuli\u00e8re. Nous sommes <strong>une tonnellerie familiale,<\/strong> <strong>\u00e0 taille humaine<\/strong>, et la relation directe avec nos clients est notre priorit\u00e9 : elle seule nous permet de r\u00e9pondre avec justesse aux attentes pr\u00e9cises de chacun.<\/span><\/p>\n<p style=\"text-align: justify;\">&nbsp;<\/p>\n<hr>\n<p style=\"text-align: justify;\"><span style=\"font-family: book antiqua, palatino, serif; font-size: 14pt; color: #008000;\"><strong><em>Transmettre aux g\u00e9n\u00e9rations futures<br \/>\n<\/em><\/strong><\/span><\/p>\n<p style=\"text-align: justify;\"><img loading=\"lazy\" decoding=\"async\" class=\"size-medium wp-image-857 alignright\" src=\"https:\/\/www.tonnelleriemillet.com\/fr\/wp-content\/uploads\/2017\/03\/IMG_0929-1-300x201.jpg\" alt=\"\" width=\"300\" height=\"201\" srcset=\"https:\/\/www.tonnelleriemillet.com\/fr\/wp-content\/uploads\/2017\/03\/IMG_0929-1-300x201.jpg 300w, https:\/\/www.tonnelleriemillet.com\/fr\/wp-content\/uploads\/2017\/03\/IMG_0929-1-350x234.jpg 350w, https:\/\/www.tonnelleriemillet.com\/fr\/wp-content\/uploads\/2017\/03\/IMG_0929-1-768x514.jpg 768w, https:\/\/www.tonnelleriemillet.com\/fr\/wp-content\/uploads\/2017\/03\/IMG_0929-1-1024x685.jpg 1024w\" sizes=\"auto, (max-width: 300px) 100vw, 300px\" \/><\/p>\n<p style=\"text-align: justify;\"><span style=\"font-size: 10pt; font-family: arial, helvetica, sans-serif;\">Recevoir <strong>un savoir-faire en h\u00e9ritage<\/strong> est une chance formidable, que Dominique MILLET s\u2019efforce de partager aujourd\u2019hui. Il est tr\u00e8s impliqu\u00e9 dans diff\u00e9rentes structures de formation et veille ainsi \u00e0 <strong>transmettre ses connaissances aux nouvelles g\u00e9n\u00e9rations de tonneliers<\/strong>.<\/span><\/p>\n<p style=\"text-align: justify;\"><span style=\"font-size: 10pt; font-family: arial, helvetica, sans-serif;\"><strong>Son expertise technique<\/strong> est \u00e9galement mise \u00e0 profit pour des jurys d\u2019examen, tant \u00e0 l\u2019\u00e9chelle r\u00e9gionale que nationale.<\/span><\/p>\n","protected":false},"excerpt":{"rendered":"<p>L\u2019H\u00c9RITAGE D&rsquo;UN SAVOIR-FAIRE L&rsquo;excellence pour tradition familiale En 1952, Guy MILLET cr\u00e9\u00e9e sa tonnellerie \u00e0 Puisseguin, pr\u00e8s&nbsp; de Saint-Emilion, au c\u0153ur du vignoble bordelais. Son fils Dominique travaille \u00e0 ses c\u00f4t\u00e9s pendant des ann\u00e9es, b\u00e9n\u00e9ficiant ainsi de son exp\u00e9rience et de son savoir-faire de compagnon tonnelier. En 1995, Dominique MILLET prend la Direction de l\u2019entreprise &hellip; <\/p>\n<p class=\"link-more\"><a href=\"https:\/\/www.tonnelleriemillet.com\/fr\/la-tonnellerie-millet\/\" class=\"more-link\">Continuer la lecture<span class=\"screen-reader-text\"> de &laquo;&nbsp;NOTRE HISTOIRE&nbsp;&raquo;<\/span><\/a><\/p>\n","protected":false},"author":5,"featured_media":0,"parent":0,"menu_order":1,"comment_status":"closed","ping_status":"closed","template":"","meta":{"ngg_post_thumbnail":0,"footnotes":""},"class_list":["post-73","page","type-page","status-publish","hentry"],"yoast_head":"<!-- This site is optimized with the Yoast SEO plugin v27.2 - https:\/\/yoast.com\/product\/yoast-seo-wordpress\/ -->\n<title>NOTRE HISTOIRE - Tonnellerie Millet<\/title>\n<meta name=\"robots\" content=\"index, follow, max-snippet:-1, max-image-preview:large, max-video-preview:-1\" \/>\n<link rel=\"canonical\" href=\"https:\/\/www.tonnelleriemillet.com\/fr\/la-tonnellerie-millet\/\" \/>\n<meta property=\"og:locale\" content=\"fr_FR\" \/>\n<meta property=\"og:type\" content=\"article\" \/>\n<meta property=\"og:title\" content=\"NOTRE HISTOIRE - Tonnellerie Millet\" \/>\n<meta property=\"og:description\" content=\"L\u2019H\u00c9RITAGE D&rsquo;UN SAVOIR-FAIRE L&rsquo;excellence pour tradition familiale En 1952, Guy MILLET cr\u00e9\u00e9e sa tonnellerie \u00e0 Puisseguin, pr\u00e8s&nbsp; de Saint-Emilion, au c\u0153ur du vignoble bordelais. Son fils Dominique travaille \u00e0 ses c\u00f4t\u00e9s pendant des ann\u00e9es, b\u00e9n\u00e9ficiant ainsi de son exp\u00e9rience et de son savoir-faire de compagnon tonnelier. En 1995, Dominique MILLET prend la Direction de l\u2019entreprise &hellip; Continuer la lecture de &laquo;&nbsp;NOTRE HISTOIRE&nbsp;&raquo;\" \/>\n<meta property=\"og:url\" content=\"https:\/\/www.tonnelleriemillet.com\/fr\/la-tonnellerie-millet\/\" \/>\n<meta property=\"og:site_name\" content=\"Tonnellerie Millet\" \/>\n<meta property=\"article:publisher\" content=\"https:\/\/www.facebook.com\/tonnelleriemillet\/\" \/>\n<meta property=\"article:modified_time\" content=\"2021-06-21T13:28:26+00:00\" \/>\n<meta property=\"og:image\" content=\"http:\/\/www.tonnelleriemillet.com\/fr\/wp-content\/uploads\/2018\/12\/D1-197x300.jpg\" \/>\n<meta name=\"twitter:card\" content=\"summary_large_image\" \/>\n<meta name=\"twitter:label1\" content=\"Dur\u00e9e de lecture estim\u00e9e\" \/>\n\t<meta name=\"twitter:data1\" content=\"1 minute\" \/>\n<script type=\"application\/ld+json\" class=\"yoast-schema-graph\">{\"@context\":\"https:\/\/schema.org\",\"@graph\":[{\"@type\":\"WebPage\",\"@id\":\"https:\/\/www.tonnelleriemillet.com\/fr\/la-tonnellerie-millet\/\",\"url\":\"https:\/\/www.tonnelleriemillet.com\/fr\/la-tonnellerie-millet\/\",\"name\":\"NOTRE HISTOIRE - Tonnellerie Millet\",\"isPartOf\":{\"@id\":\"https:\/\/www.tonnelleriemillet.com\/fr\/#website\"},\"primaryImageOfPage\":{\"@id\":\"https:\/\/www.tonnelleriemillet.com\/fr\/la-tonnellerie-millet\/#primaryimage\"},\"image\":{\"@id\":\"https:\/\/www.tonnelleriemillet.com\/fr\/la-tonnellerie-millet\/#primaryimage\"},\"thumbnailUrl\":\"http:\/\/www.tonnelleriemillet.com\/fr\/wp-content\/uploads\/2018\/12\/D1-197x300.jpg\",\"datePublished\":\"2017-03-09T18:15:12+00:00\",\"dateModified\":\"2021-06-21T13:28:26+00:00\",\"breadcrumb\":{\"@id\":\"https:\/\/www.tonnelleriemillet.com\/fr\/la-tonnellerie-millet\/#breadcrumb\"},\"inLanguage\":\"fr-FR\",\"potentialAction\":[{\"@type\":\"ReadAction\",\"target\":[\"https:\/\/www.tonnelleriemillet.com\/fr\/la-tonnellerie-millet\/\"]}]},{\"@type\":\"ImageObject\",\"inLanguage\":\"fr-FR\",\"@id\":\"https:\/\/www.tonnelleriemillet.com\/fr\/la-tonnellerie-millet\/#primaryimage\",\"url\":\"http:\/\/www.tonnelleriemillet.com\/fr\/wp-content\/uploads\/2018\/12\/D1-197x300.jpg\",\"contentUrl\":\"http:\/\/www.tonnelleriemillet.com\/fr\/wp-content\/uploads\/2018\/12\/D1-197x300.jpg\"},{\"@type\":\"BreadcrumbList\",\"@id\":\"https:\/\/www.tonnelleriemillet.com\/fr\/la-tonnellerie-millet\/#breadcrumb\",\"itemListElement\":[{\"@type\":\"ListItem\",\"position\":1,\"name\":\"Accueil\",\"item\":\"https:\/\/www.tonnelleriemillet.com\/fr\/\"},{\"@type\":\"ListItem\",\"position\":2,\"name\":\"NOTRE HISTOIRE\"}]},{\"@type\":\"WebSite\",\"@id\":\"https:\/\/www.tonnelleriemillet.com\/fr\/#website\",\"url\":\"https:\/\/www.tonnelleriemillet.com\/fr\/\",\"name\":\"Tonnellerie Millet\",\"description\":\"Partenaire des Grands Vins depuis 1952\",\"publisher\":{\"@id\":\"https:\/\/www.tonnelleriemillet.com\/fr\/#organization\"},\"potentialAction\":[{\"@type\":\"SearchAction\",\"target\":{\"@type\":\"EntryPoint\",\"urlTemplate\":\"https:\/\/www.tonnelleriemillet.com\/fr\/?s={search_term_string}\"},\"query-input\":{\"@type\":\"PropertyValueSpecification\",\"valueRequired\":true,\"valueName\":\"search_term_string\"}}],\"inLanguage\":\"fr-FR\"},{\"@type\":\"Organization\",\"@id\":\"https:\/\/www.tonnelleriemillet.com\/fr\/#organization\",\"name\":\"Tonnellerie MILLET\",\"url\":\"https:\/\/www.tonnelleriemillet.com\/fr\/\",\"logo\":{\"@type\":\"ImageObject\",\"inLanguage\":\"fr-FR\",\"@id\":\"https:\/\/www.tonnelleriemillet.com\/fr\/#\/schema\/logo\/image\/\",\"url\":\"http:\/\/www.tonnelleriemillet.com\/fr\/wp-content\/uploads\/2017\/03\/cropped-logotm-1.png\",\"contentUrl\":\"http:\/\/www.tonnelleriemillet.com\/fr\/wp-content\/uploads\/2017\/03\/cropped-logotm-1.png\",\"width\":512,\"height\":512,\"caption\":\"Tonnellerie MILLET\"},\"image\":{\"@id\":\"https:\/\/www.tonnelleriemillet.com\/fr\/#\/schema\/logo\/image\/\"},\"sameAs\":[\"https:\/\/www.facebook.com\/tonnelleriemillet\/\"]}]}<\/script>\n<!-- \/ Yoast SEO plugin. -->","yoast_head_json":{"title":"NOTRE HISTOIRE - Tonnellerie Millet","robots":{"index":"index","follow":"follow","max-snippet":"max-snippet:-1","max-image-preview":"max-image-preview:large","max-video-preview":"max-video-preview:-1"},"canonical":"https:\/\/www.tonnelleriemillet.com\/fr\/la-tonnellerie-millet\/","og_locale":"fr_FR","og_type":"article","og_title":"NOTRE HISTOIRE - Tonnellerie Millet","og_description":"L\u2019H\u00c9RITAGE D&rsquo;UN SAVOIR-FAIRE L&rsquo;excellence pour tradition familiale En 1952, Guy MILLET cr\u00e9\u00e9e sa tonnellerie \u00e0 Puisseguin, pr\u00e8s&nbsp; de Saint-Emilion, au c\u0153ur du vignoble bordelais. Son fils Dominique travaille \u00e0 ses c\u00f4t\u00e9s pendant des ann\u00e9es, b\u00e9n\u00e9ficiant ainsi de son exp\u00e9rience et de son savoir-faire de compagnon tonnelier. En 1995, Dominique MILLET prend la Direction de l\u2019entreprise &hellip; Continuer la lecture de &laquo;&nbsp;NOTRE HISTOIRE&nbsp;&raquo;","og_url":"https:\/\/www.tonnelleriemillet.com\/fr\/la-tonnellerie-millet\/","og_site_name":"Tonnellerie Millet","article_publisher":"https:\/\/www.facebook.com\/tonnelleriemillet\/","article_modified_time":"2021-06-21T13:28:26+00:00","og_image":[{"url":"http:\/\/www.tonnelleriemillet.com\/fr\/wp-content\/uploads\/2018\/12\/D1-197x300.jpg","type":"","width":"","height":""}],"twitter_card":"summary_large_image","twitter_misc":{"Dur\u00e9e de lecture estim\u00e9e":"1 minute"},"schema":{"@context":"https:\/\/schema.org","@graph":[{"@type":"WebPage","@id":"https:\/\/www.tonnelleriemillet.com\/fr\/la-tonnellerie-millet\/","url":"https:\/\/www.tonnelleriemillet.com\/fr\/la-tonnellerie-millet\/","name":"NOTRE HISTOIRE - Tonnellerie Millet","isPartOf":{"@id":"https:\/\/www.tonnelleriemillet.com\/fr\/#website"},"primaryImageOfPage":{"@id":"https:\/\/www.tonnelleriemillet.com\/fr\/la-tonnellerie-millet\/#primaryimage"},"image":{"@id":"https:\/\/www.tonnelleriemillet.com\/fr\/la-tonnellerie-millet\/#primaryimage"},"thumbnailUrl":"http:\/\/www.tonnelleriemillet.com\/fr\/wp-content\/uploads\/2018\/12\/D1-197x300.jpg","datePublished":"2017-03-09T18:15:12+00:00","dateModified":"2021-06-21T13:28:26+00:00","breadcrumb":{"@id":"https:\/\/www.tonnelleriemillet.com\/fr\/la-tonnellerie-millet\/#breadcrumb"},"inLanguage":"fr-FR","potentialAction":[{"@type":"ReadAction","target":["https:\/\/www.tonnelleriemillet.com\/fr\/la-tonnellerie-millet\/"]}]},{"@type":"ImageObject","inLanguage":"fr-FR","@id":"https:\/\/www.tonnelleriemillet.com\/fr\/la-tonnellerie-millet\/#primaryimage","url":"http:\/\/www.tonnelleriemillet.com\/fr\/wp-content\/uploads\/2018\/12\/D1-197x300.jpg","contentUrl":"http:\/\/www.tonnelleriemillet.com\/fr\/wp-content\/uploads\/2018\/12\/D1-197x300.jpg"},{"@type":"BreadcrumbList","@id":"https:\/\/www.tonnelleriemillet.com\/fr\/la-tonnellerie-millet\/#breadcrumb","itemListElement":[{"@type":"ListItem","position":1,"name":"Accueil","item":"https:\/\/www.tonnelleriemillet.com\/fr\/"},{"@type":"ListItem","position":2,"name":"NOTRE HISTOIRE"}]},{"@type":"WebSite","@id":"https:\/\/www.tonnelleriemillet.com\/fr\/#website","url":"https:\/\/www.tonnelleriemillet.com\/fr\/","name":"Tonnellerie Millet","description":"Partenaire des Grands Vins depuis 1952","publisher":{"@id":"https:\/\/www.tonnelleriemillet.com\/fr\/#organization"},"potentialAction":[{"@type":"SearchAction","target":{"@type":"EntryPoint","urlTemplate":"https:\/\/www.tonnelleriemillet.com\/fr\/?s={search_term_string}"},"query-input":{"@type":"PropertyValueSpecification","valueRequired":true,"valueName":"search_term_string"}}],"inLanguage":"fr-FR"},{"@type":"Organization","@id":"https:\/\/www.tonnelleriemillet.com\/fr\/#organization","name":"Tonnellerie MILLET","url":"https:\/\/www.tonnelleriemillet.com\/fr\/","logo":{"@type":"ImageObject","inLanguage":"fr-FR","@id":"https:\/\/www.tonnelleriemillet.com\/fr\/#\/schema\/logo\/image\/","url":"http:\/\/www.tonnelleriemillet.com\/fr\/wp-content\/uploads\/2017\/03\/cropped-logotm-1.png","contentUrl":"http:\/\/www.tonnelleriemillet.com\/fr\/wp-content\/uploads\/2017\/03\/cropped-logotm-1.png","width":512,"height":512,"caption":"Tonnellerie MILLET"},"image":{"@id":"https:\/\/www.tonnelleriemillet.com\/fr\/#\/schema\/logo\/image\/"},"sameAs":["https:\/\/www.facebook.com\/tonnelleriemillet\/"]}]}},"_links":{"self":[{"href":"https:\/\/www.tonnelleriemillet.com\/fr\/wp-json\/wp\/v2\/pages\/73","targetHints":{"allow":["GET"]}}],"collection":[{"href":"https:\/\/www.tonnelleriemillet.com\/fr\/wp-json\/wp\/v2\/pages"}],"about":[{"href":"https:\/\/www.tonnelleriemillet.com\/fr\/wp-json\/wp\/v2\/types\/page"}],"author":[{"embeddable":true,"href":"https:\/\/www.tonnelleriemillet.com\/fr\/wp-json\/wp\/v2\/users\/5"}],"replies":[{"embeddable":true,"href":"https:\/\/www.tonnelleriemillet.com\/fr\/wp-json\/wp\/v2\/comments?post=73"}],"version-history":[{"count":84,"href":"https:\/\/www.tonnelleriemillet.com\/fr\/wp-json\/wp\/v2\/pages\/73\/revisions"}],"predecessor-version":[{"id":1156,"href":"https:\/\/www.tonnelleriemillet.com\/fr\/wp-json\/wp\/v2\/pages\/73\/revisions\/1156"}],"wp:attachment":[{"href":"https:\/\/www.tonnelleriemillet.com\/fr\/wp-json\/wp\/v2\/media?parent=73"}],"curies":[{"name":"wp","href":"https:\/\/api.w.org\/{rel}","templated":true}]}}