{"id":7,"date":"2017-03-08T16:39:36","date_gmt":"2017-03-08T15:39:36","guid":{"rendered":"https:\/\/tonnelleriemillet.com\/fr\/?page_id=7"},"modified":"2026-02-05T16:01:17","modified_gmt":"2026-02-05T15:01:17","slug":"accueil","status":"publish","type":"page","link":"https:\/\/www.tonnelleriemillet.com\/fr\/","title":{"rendered":"ACCUEIL"},"content":{"rendered":"<p style=\"text-align: justify;\"><img loading=\"lazy\" decoding=\"async\" class=\"alignright size-thumbnail wp-image-1110\" src=\"https:\/\/www.tonnelleriemillet.com\/fr\/wp-content\/uploads\/2018\/12\/LOGO_MILLET_Quadrichromie-150x150.png\" alt=\"\" width=\"150\" height=\"150\" srcset=\"https:\/\/www.tonnelleriemillet.com\/fr\/wp-content\/uploads\/2018\/12\/LOGO_MILLET_Quadrichromie-150x150.png 150w, https:\/\/www.tonnelleriemillet.com\/fr\/wp-content\/uploads\/2018\/12\/LOGO_MILLET_Quadrichromie-300x300.png 300w, https:\/\/www.tonnelleriemillet.com\/fr\/wp-content\/uploads\/2018\/12\/LOGO_MILLET_Quadrichromie-100x100.png 100w, https:\/\/www.tonnelleriemillet.com\/fr\/wp-content\/uploads\/2018\/12\/LOGO_MILLET_Quadrichromie-250x250.png 250w, https:\/\/www.tonnelleriemillet.com\/fr\/wp-content\/uploads\/2018\/12\/LOGO_MILLET_Quadrichromie-350x350.png 350w, https:\/\/www.tonnelleriemillet.com\/fr\/wp-content\/uploads\/2018\/12\/LOGO_MILLET_Quadrichromie.png 644w\" sizes=\"auto, (max-width: 150px) 100vw, 150px\" \/><\/p>\n<p style=\"text-align: justify;\">Bienvenue sur le site de la Tonnellerie MILLET !<\/p>\n<p style=\"text-align: justify;\">Nous sommes heureux de vous faire d\u00e9couvrir <strong>notre histoire et notre savoir-faire artisanal<\/strong>.<\/p>\n<p style=\"text-align: justify;\">Si vous souhaitez en savoir plus, contactez-nous.<\/p>\n<p style=\"text-align: justify;\">Bonne visite \u00e0 vous,<\/p>\n<p style=\"text-align: justify;\">L&rsquo;\u00e9quipe MILLET<\/p>\n<p>&nbsp;<\/p>\n<p>&nbsp;<\/p>\n<p><span style=\"font-family: comic sans ms,sans-serif;\">&nbsp;<\/span><\/p>\n<p>&nbsp;<\/p>\n<p>&nbsp;<\/p>\n<p>&nbsp;<\/p>\n","protected":false},"excerpt":{"rendered":"<p>Bienvenue sur le site de la Tonnellerie MILLET ! Nous sommes heureux de vous faire d\u00e9couvrir notre histoire et notre savoir-faire artisanal. Si vous souhaitez en savoir plus, contactez-nous. Bonne visite \u00e0 vous, L&rsquo;\u00e9quipe MILLET &nbsp; &nbsp; &nbsp; &nbsp; &nbsp; &nbsp;<\/p>\n","protected":false},"author":5,"featured_media":0,"parent":0,"menu_order":0,"comment_status":"closed","ping_status":"closed","template":"","meta":{"ngg_post_thumbnail":0,"footnotes":""},"class_list":["post-7","page","type-page","status-publish","hentry"],"yoast_head":"<!-- This site is optimized with the Yoast SEO plugin v27.2 - https:\/\/yoast.com\/product\/yoast-seo-wordpress\/ -->\n<title>ACCUEIL - Tonnellerie Millet<\/title>\n<meta name=\"robots\" content=\"index, follow, max-snippet:-1, max-image-preview:large, max-video-preview:-1\" \/>\n<link rel=\"canonical\" href=\"https:\/\/www.tonnelleriemillet.com\/fr\/\" \/>\n<meta property=\"og:locale\" content=\"fr_FR\" \/>\n<meta property=\"og:type\" content=\"article\" \/>\n<meta property=\"og:title\" content=\"ACCUEIL - Tonnellerie Millet\" \/>\n<meta property=\"og:description\" content=\"Bienvenue sur le site de la Tonnellerie MILLET ! Nous sommes heureux de vous faire d\u00e9couvrir notre histoire et notre savoir-faire artisanal. Si vous souhaitez en savoir plus, contactez-nous. Bonne visite \u00e0 vous, L&rsquo;\u00e9quipe MILLET &nbsp; &nbsp; &nbsp; &nbsp; &nbsp; &nbsp;\" \/>\n<meta property=\"og:url\" content=\"https:\/\/www.tonnelleriemillet.com\/fr\/\" \/>\n<meta property=\"og:site_name\" content=\"Tonnellerie Millet\" \/>\n<meta property=\"article:publisher\" content=\"https:\/\/www.facebook.com\/tonnelleriemillet\/\" \/>\n<meta property=\"article:modified_time\" content=\"2026-02-05T15:01:17+00:00\" \/>\n<meta property=\"og:image\" content=\"http:\/\/www.tonnelleriemillet.com\/fr\/wp-content\/uploads\/2018\/12\/LOGO_MILLET_Quadrichromie-150x150.png\" \/>\n<meta name=\"twitter:card\" content=\"summary_large_image\" \/>\n<meta name=\"twitter:label1\" content=\"Dur\u00e9e de lecture estim\u00e9e\" \/>\n\t<meta name=\"twitter:data1\" content=\"1 minute\" \/>\n<script type=\"application\/ld+json\" class=\"yoast-schema-graph\">{\"@context\":\"https:\/\/schema.org\",\"@graph\":[{\"@type\":\"WebPage\",\"@id\":\"https:\/\/www.tonnelleriemillet.com\/fr\/\",\"url\":\"https:\/\/www.tonnelleriemillet.com\/fr\/\",\"name\":\"ACCUEIL - Tonnellerie Millet\",\"isPartOf\":{\"@id\":\"https:\/\/www.tonnelleriemillet.com\/fr\/#website\"},\"primaryImageOfPage\":{\"@id\":\"https:\/\/www.tonnelleriemillet.com\/fr\/#primaryimage\"},\"image\":{\"@id\":\"https:\/\/www.tonnelleriemillet.com\/fr\/#primaryimage\"},\"thumbnailUrl\":\"http:\/\/www.tonnelleriemillet.com\/fr\/wp-content\/uploads\/2018\/12\/LOGO_MILLET_Quadrichromie-150x150.png\",\"datePublished\":\"2017-03-08T15:39:36+00:00\",\"dateModified\":\"2026-02-05T15:01:17+00:00\",\"breadcrumb\":{\"@id\":\"https:\/\/www.tonnelleriemillet.com\/fr\/#breadcrumb\"},\"inLanguage\":\"fr-FR\",\"potentialAction\":[{\"@type\":\"ReadAction\",\"target\":[\"https:\/\/www.tonnelleriemillet.com\/fr\/\"]}]},{\"@type\":\"ImageObject\",\"inLanguage\":\"fr-FR\",\"@id\":\"https:\/\/www.tonnelleriemillet.com\/fr\/#primaryimage\",\"url\":\"http:\/\/www.tonnelleriemillet.com\/fr\/wp-content\/uploads\/2018\/12\/LOGO_MILLET_Quadrichromie-150x150.png\",\"contentUrl\":\"http:\/\/www.tonnelleriemillet.com\/fr\/wp-content\/uploads\/2018\/12\/LOGO_MILLET_Quadrichromie-150x150.png\"},{\"@type\":\"BreadcrumbList\",\"@id\":\"https:\/\/www.tonnelleriemillet.com\/fr\/#breadcrumb\",\"itemListElement\":[{\"@type\":\"ListItem\",\"position\":1,\"name\":\"Accueil\",\"item\":\"https:\/\/www.tonnelleriemillet.com\/fr\/\"},{\"@type\":\"ListItem\",\"position\":2,\"name\":\"ACCUEIL\"}]},{\"@type\":\"WebSite\",\"@id\":\"https:\/\/www.tonnelleriemillet.com\/fr\/#website\",\"url\":\"https:\/\/www.tonnelleriemillet.com\/fr\/\",\"name\":\"Tonnellerie Millet\",\"description\":\"Partenaire des Grands Vins depuis 1952\",\"publisher\":{\"@id\":\"https:\/\/www.tonnelleriemillet.com\/fr\/#organization\"},\"potentialAction\":[{\"@type\":\"SearchAction\",\"target\":{\"@type\":\"EntryPoint\",\"urlTemplate\":\"https:\/\/www.tonnelleriemillet.com\/fr\/?s={search_term_string}\"},\"query-input\":{\"@type\":\"PropertyValueSpecification\",\"valueRequired\":true,\"valueName\":\"search_term_string\"}}],\"inLanguage\":\"fr-FR\"},{\"@type\":\"Organization\",\"@id\":\"https:\/\/www.tonnelleriemillet.com\/fr\/#organization\",\"name\":\"Tonnellerie MILLET\",\"url\":\"https:\/\/www.tonnelleriemillet.com\/fr\/\",\"logo\":{\"@type\":\"ImageObject\",\"inLanguage\":\"fr-FR\",\"@id\":\"https:\/\/www.tonnelleriemillet.com\/fr\/#\/schema\/logo\/image\/\",\"url\":\"http:\/\/www.tonnelleriemillet.com\/fr\/wp-content\/uploads\/2017\/03\/cropped-logotm-1.png\",\"contentUrl\":\"http:\/\/www.tonnelleriemillet.com\/fr\/wp-content\/uploads\/2017\/03\/cropped-logotm-1.png\",\"width\":512,\"height\":512,\"caption\":\"Tonnellerie MILLET\"},\"image\":{\"@id\":\"https:\/\/www.tonnelleriemillet.com\/fr\/#\/schema\/logo\/image\/\"},\"sameAs\":[\"https:\/\/www.facebook.com\/tonnelleriemillet\/\"]}]}<\/script>\n<!-- \/ Yoast SEO plugin. -->","yoast_head_json":{"title":"ACCUEIL - Tonnellerie Millet","robots":{"index":"index","follow":"follow","max-snippet":"max-snippet:-1","max-image-preview":"max-image-preview:large","max-video-preview":"max-video-preview:-1"},"canonical":"https:\/\/www.tonnelleriemillet.com\/fr\/","og_locale":"fr_FR","og_type":"article","og_title":"ACCUEIL - Tonnellerie Millet","og_description":"Bienvenue sur le site de la Tonnellerie MILLET ! Nous sommes heureux de vous faire d\u00e9couvrir notre histoire et notre savoir-faire artisanal. Si vous souhaitez en savoir plus, contactez-nous. Bonne visite \u00e0 vous, L&rsquo;\u00e9quipe MILLET &nbsp; &nbsp; &nbsp; &nbsp; &nbsp; &nbsp;","og_url":"https:\/\/www.tonnelleriemillet.com\/fr\/","og_site_name":"Tonnellerie Millet","article_publisher":"https:\/\/www.facebook.com\/tonnelleriemillet\/","article_modified_time":"2026-02-05T15:01:17+00:00","og_image":[{"url":"http:\/\/www.tonnelleriemillet.com\/fr\/wp-content\/uploads\/2018\/12\/LOGO_MILLET_Quadrichromie-150x150.png","type":"","width":"","height":""}],"twitter_card":"summary_large_image","twitter_misc":{"Dur\u00e9e de lecture estim\u00e9e":"1 minute"},"schema":{"@context":"https:\/\/schema.org","@graph":[{"@type":"WebPage","@id":"https:\/\/www.tonnelleriemillet.com\/fr\/","url":"https:\/\/www.tonnelleriemillet.com\/fr\/","name":"ACCUEIL - Tonnellerie Millet","isPartOf":{"@id":"https:\/\/www.tonnelleriemillet.com\/fr\/#website"},"primaryImageOfPage":{"@id":"https:\/\/www.tonnelleriemillet.com\/fr\/#primaryimage"},"image":{"@id":"https:\/\/www.tonnelleriemillet.com\/fr\/#primaryimage"},"thumbnailUrl":"http:\/\/www.tonnelleriemillet.com\/fr\/wp-content\/uploads\/2018\/12\/LOGO_MILLET_Quadrichromie-150x150.png","datePublished":"2017-03-08T15:39:36+00:00","dateModified":"2026-02-05T15:01:17+00:00","breadcrumb":{"@id":"https:\/\/www.tonnelleriemillet.com\/fr\/#breadcrumb"},"inLanguage":"fr-FR","potentialAction":[{"@type":"ReadAction","target":["https:\/\/www.tonnelleriemillet.com\/fr\/"]}]},{"@type":"ImageObject","inLanguage":"fr-FR","@id":"https:\/\/www.tonnelleriemillet.com\/fr\/#primaryimage","url":"http:\/\/www.tonnelleriemillet.com\/fr\/wp-content\/uploads\/2018\/12\/LOGO_MILLET_Quadrichromie-150x150.png","contentUrl":"http:\/\/www.tonnelleriemillet.com\/fr\/wp-content\/uploads\/2018\/12\/LOGO_MILLET_Quadrichromie-150x150.png"},{"@type":"BreadcrumbList","@id":"https:\/\/www.tonnelleriemillet.com\/fr\/#breadcrumb","itemListElement":[{"@type":"ListItem","position":1,"name":"Accueil","item":"https:\/\/www.tonnelleriemillet.com\/fr\/"},{"@type":"ListItem","position":2,"name":"ACCUEIL"}]},{"@type":"WebSite","@id":"https:\/\/www.tonnelleriemillet.com\/fr\/#website","url":"https:\/\/www.tonnelleriemillet.com\/fr\/","name":"Tonnellerie Millet","description":"Partenaire des Grands Vins depuis 1952","publisher":{"@id":"https:\/\/www.tonnelleriemillet.com\/fr\/#organization"},"potentialAction":[{"@type":"SearchAction","target":{"@type":"EntryPoint","urlTemplate":"https:\/\/www.tonnelleriemillet.com\/fr\/?s={search_term_string}"},"query-input":{"@type":"PropertyValueSpecification","valueRequired":true,"valueName":"search_term_string"}}],"inLanguage":"fr-FR"},{"@type":"Organization","@id":"https:\/\/www.tonnelleriemillet.com\/fr\/#organization","name":"Tonnellerie MILLET","url":"https:\/\/www.tonnelleriemillet.com\/fr\/","logo":{"@type":"ImageObject","inLanguage":"fr-FR","@id":"https:\/\/www.tonnelleriemillet.com\/fr\/#\/schema\/logo\/image\/","url":"http:\/\/www.tonnelleriemillet.com\/fr\/wp-content\/uploads\/2017\/03\/cropped-logotm-1.png","contentUrl":"http:\/\/www.tonnelleriemillet.com\/fr\/wp-content\/uploads\/2017\/03\/cropped-logotm-1.png","width":512,"height":512,"caption":"Tonnellerie MILLET"},"image":{"@id":"https:\/\/www.tonnelleriemillet.com\/fr\/#\/schema\/logo\/image\/"},"sameAs":["https:\/\/www.facebook.com\/tonnelleriemillet\/"]}]}},"_links":{"self":[{"href":"https:\/\/www.tonnelleriemillet.com\/fr\/wp-json\/wp\/v2\/pages\/7","targetHints":{"allow":["GET"]}}],"collection":[{"href":"https:\/\/www.tonnelleriemillet.com\/fr\/wp-json\/wp\/v2\/pages"}],"about":[{"href":"https:\/\/www.tonnelleriemillet.com\/fr\/wp-json\/wp\/v2\/types\/page"}],"author":[{"embeddable":true,"href":"https:\/\/www.tonnelleriemillet.com\/fr\/wp-json\/wp\/v2\/users\/5"}],"replies":[{"embeddable":true,"href":"https:\/\/www.tonnelleriemillet.com\/fr\/wp-json\/wp\/v2\/comments?post=7"}],"version-history":[{"count":76,"href":"https:\/\/www.tonnelleriemillet.com\/fr\/wp-json\/wp\/v2\/pages\/7\/revisions"}],"predecessor-version":[{"id":1410,"href":"https:\/\/www.tonnelleriemillet.com\/fr\/wp-json\/wp\/v2\/pages\/7\/revisions\/1410"}],"wp:attachment":[{"href":"https:\/\/www.tonnelleriemillet.com\/fr\/wp-json\/wp\/v2\/media?parent=7"}],"curies":[{"name":"wp","href":"https:\/\/api.w.org\/{rel}","templated":true}]}}