{"id":2,"date":"2017-03-08T16:37:15","date_gmt":"2017-03-08T15:37:15","guid":{"rendered":"https:\/\/tonnelleriemillet.com\/fr\/?page_id=2"},"modified":"2021-06-21T15:27:12","modified_gmt":"2021-06-21T13:27:12","slug":"produits","status":"publish","type":"page","link":"https:\/\/www.tonnelleriemillet.com\/fr\/produits\/","title":{"rendered":"LE CH\u00caNE"},"content":{"rendered":"<p style=\"text-align: justify;\"><strong><span style=\"font-family: book antiqua, palatino, serif; font-size: 18pt; color: #008000;\">AUX ORIGINES, LA FOR\u00caT<\/span><\/strong><\/p>\n<hr>\n<p style=\"text-align: justify;\"><em><span style=\"font-family: book antiqua, palatino, serif; font-size: 14pt; color: #008000;\">Le ch\u00eane fran\u00e7ais<\/span><\/em><\/p>\n<p style=\"text-align: justify;\"><span style=\"font-family: arial, helvetica, sans-serif; font-size: 10pt;\"><img loading=\"lazy\" decoding=\"async\" class=\"alignright wp-image-1163\" src=\"https:\/\/www.tonnelleriemillet.com\/fr\/wp-content\/uploads\/2018\/12\/35A1792-200x300.jpg\" alt=\"\" width=\"233\" height=\"350\" srcset=\"https:\/\/www.tonnelleriemillet.com\/fr\/wp-content\/uploads\/2018\/12\/35A1792-200x300.jpg 200w, https:\/\/www.tonnelleriemillet.com\/fr\/wp-content\/uploads\/2018\/12\/35A1792.jpg 683w, https:\/\/www.tonnelleriemillet.com\/fr\/wp-content\/uploads\/2018\/12\/35A1792-350x525.jpg 350w\" sizes=\"auto, (max-width: 233px) 100vw, 233px\" \/>Nous travaillons principalement du ch\u00eane fran\u00e7ais, que nous s\u00e9lectionnons parmi les plus beaux&nbsp; sp\u00e9cimens, au sein <\/span><span style=\"font-family: arial, helvetica, sans-serif; font-size: 10pt;\">des <strong>grandes for\u00eats domaniales du pays<\/strong>. Nous recherchons en particulier des grains fins et extra-fins, afin de perp\u00e9tuer <\/span><span style=\"font-family: arial, helvetica, sans-serif; font-size: 10pt;\">la tradition tonneli\u00e8re d\u2019excellence \u00e0 la fran\u00e7aise.<\/span><\/p>\n<p style=\"text-align: justify;\"><span style=\"font-family: arial, helvetica, sans-serif; font-size: 10pt;\">Nous effectuons plusieurs <strong>s\u00e9lections sp\u00e9cifiques de ch\u00eane fran\u00e7ais<\/strong>, afin de r\u00e9pondre au mieux aux besoins des <\/span><span style=\"font-family: arial, helvetica, sans-serif; font-size: 10pt;\">vignerons. Diff\u00e9rentes origines certifi\u00e9es vous sont ainsi propos\u00e9es :<\/span><\/p>\n<ul style=\"list-style-type: disc;\">\n<li><span style=\"font-family: arial, helvetica, sans-serif; font-size: 10pt;\">\u00ab <strong>Origine Aquitaine<\/strong> \u00bb pour un ancrage local dans notre r\u00e9gion,<\/span><\/li>\n<li><span style=\"font-family: arial, helvetica, sans-serif; font-size: 10pt;\">\u00ab <strong>Origine Centre-France<\/strong> \u00bb pour vous inscrire dans la plus pure tradition sylvicole fran\u00e7aise,<\/span><\/li>\n<li><span style=\"font-family: arial, helvetica, sans-serif; font-size: 10pt;\">Nos \u00ab <strong>S\u00e9lections de For\u00eats<\/strong> \u00bb vous donnent acc\u00e8s \u00e0 certains massifs reconnus pour la qualit\u00e9 de leurs bois : <\/span><span style=\"font-family: arial, helvetica, sans-serif; font-size: 10pt;\">Perseigne, Orl\u00e9ans, Bell\u00eame et Russy sont les for\u00eats choisies par notre acheteur pour le mill\u00e9sime 2018.<\/span><\/li>\n<\/ul>\n<p style=\"text-align: justify;\">&nbsp;<\/p>\n<hr>\n<p style=\"text-align: justify;\"><em><span style=\"font-family: book antiqua, palatino, serif; font-size: 14pt; color: #008000;\">Nos autres essences<\/span><\/em><\/p>\n<p style=\"text-align: justify;\"><span style=\"font-family: arial, helvetica, sans-serif; font-size: 10pt;\">Certains c\u00e9pages, mill\u00e9simes ou cuv\u00e9es n\u00e9cessitent une approche diff\u00e9rente de l\u2019usage de la barrique. Pour des apports <\/span><span style=\"font-family: arial, helvetica, sans-serif; font-size: 10pt;\">aromatiques sp\u00e9cifiques, nous sommes en mesure de travailler pour vous <strong>du Ch\u00eane Blanc d\u2019Am\u00e9rique, du Merisier <\/strong><\/span><span style=\"font-family: arial, helvetica, sans-serif; font-size: 10pt;\"><strong>ou encore de l\u2019Acacia<\/strong>, sur lequel nous avons d\u00e9velopp\u00e9 une expertise particuli\u00e8re.<\/span><\/p>\n<p style=\"text-align: justify;\">&nbsp;<\/p>\n<hr>\n<p style=\"text-align: justify;\"><span style=\"color: #008000; font-size: 14pt;\"><em><span style=\"font-family: book antiqua, palatino, serif;\">Gestion durable &amp; Tra\u00e7abilit\u00e9<\/span><\/em><\/span><\/p>\n<p style=\"text-align: justify;\"><span style=\"font-family: arial, helvetica, sans-serif; font-size: 10pt;\"><img loading=\"lazy\" decoding=\"async\" class=\"alignleft size-medium wp-image-1211\" src=\"https:\/\/www.tonnelleriemillet.com\/fr\/wp-content\/uploads\/2018\/12\/tra\u00e7a-300x228.jpg\" alt=\"\" width=\"300\" height=\"228\" srcset=\"https:\/\/www.tonnelleriemillet.com\/fr\/wp-content\/uploads\/2018\/12\/tra\u00e7a-300x228.jpg 300w, https:\/\/www.tonnelleriemillet.com\/fr\/wp-content\/uploads\/2018\/12\/tra\u00e7a-768x584.jpg 768w, https:\/\/www.tonnelleriemillet.com\/fr\/wp-content\/uploads\/2018\/12\/tra\u00e7a-1024x779.jpg 1024w, https:\/\/www.tonnelleriemillet.com\/fr\/wp-content\/uploads\/2018\/12\/tra\u00e7a.jpg 1837w\" sizes=\"auto, (max-width: 300px) 100vw, 300px\" \/>L\u2019Office National des For\u00eats (ONF), acteur majeur et partenaire de la fili\u00e8re tonneli\u00e8re, \u0153uvre au service de la gestion <\/span><span style=\"font-family: arial, helvetica, sans-serif; font-size: 10pt;\">de 11 millions d\u2019hectares de for\u00eat publique. <strong>Entretien, d\u00e9veloppement et renouvellement durables<\/strong> sont les axes <\/span><span style=\"font-family: arial, helvetica, sans-serif; font-size: 10pt;\">directeurs de son action.<\/span><\/p>\n<p style=\"text-align: justify;\"><span style=\"font-family: arial, helvetica, sans-serif; font-size: 10pt;\">Afin de <strong>garantir une tra\u00e7abilit\u00e9 parfaite de toute notre fabrication<\/strong>, nous avons mis en place une num\u00e9rotation de <\/span><span style=\"font-family: arial, helvetica, sans-serif; font-size: 10pt;\">chaque lot de merrain puis de chaque f\u00fbt. Le num\u00e9ro unique de la barrique permet ainsi de remonter jusqu\u2019\u00e0 l\u2019origine <\/span><span style=\"font-family: arial, helvetica, sans-serif; font-size: 10pt;\">g\u00e9ographique du ch\u00eane qui la constitue.<\/span><\/p>\n","protected":false},"excerpt":{"rendered":"<p>AUX ORIGINES, LA FOR\u00caT Le ch\u00eane fran\u00e7ais Nous travaillons principalement du ch\u00eane fran\u00e7ais, que nous s\u00e9lectionnons parmi les plus beaux&nbsp; sp\u00e9cimens, au sein des grandes for\u00eats domaniales du pays. Nous recherchons en particulier des grains fins et extra-fins, afin de perp\u00e9tuer la tradition tonneli\u00e8re d\u2019excellence \u00e0 la fran\u00e7aise. Nous effectuons plusieurs s\u00e9lections sp\u00e9cifiques de ch\u00eane &hellip; <\/p>\n<p class=\"link-more\"><a href=\"https:\/\/www.tonnelleriemillet.com\/fr\/produits\/\" class=\"more-link\">Continuer la lecture<span class=\"screen-reader-text\"> de &laquo;&nbsp;LE CH\u00caNE&nbsp;&raquo;<\/span><\/a><\/p>\n","protected":false},"author":5,"featured_media":0,"parent":0,"menu_order":2,"comment_status":"closed","ping_status":"closed","template":"","meta":{"ngg_post_thumbnail":0,"footnotes":""},"class_list":["post-2","page","type-page","status-publish","hentry"],"yoast_head":"<!-- This site is optimized with the Yoast SEO plugin v27.2 - https:\/\/yoast.com\/product\/yoast-seo-wordpress\/ -->\n<title>LE CH\u00caNE - Tonnellerie Millet<\/title>\n<meta name=\"robots\" content=\"index, follow, max-snippet:-1, max-image-preview:large, max-video-preview:-1\" \/>\n<link rel=\"canonical\" href=\"https:\/\/www.tonnelleriemillet.com\/fr\/produits\/\" \/>\n<meta property=\"og:locale\" content=\"fr_FR\" \/>\n<meta property=\"og:type\" content=\"article\" \/>\n<meta property=\"og:title\" content=\"LE CH\u00caNE - Tonnellerie Millet\" \/>\n<meta property=\"og:description\" content=\"AUX ORIGINES, LA FOR\u00caT Le ch\u00eane fran\u00e7ais Nous travaillons principalement du ch\u00eane fran\u00e7ais, que nous s\u00e9lectionnons parmi les plus beaux&nbsp; sp\u00e9cimens, au sein des grandes for\u00eats domaniales du pays. Nous recherchons en particulier des grains fins et extra-fins, afin de perp\u00e9tuer la tradition tonneli\u00e8re d\u2019excellence \u00e0 la fran\u00e7aise. Nous effectuons plusieurs s\u00e9lections sp\u00e9cifiques de ch\u00eane &hellip; Continuer la lecture de &laquo;&nbsp;LE CH\u00caNE&nbsp;&raquo;\" \/>\n<meta property=\"og:url\" content=\"https:\/\/www.tonnelleriemillet.com\/fr\/produits\/\" \/>\n<meta property=\"og:site_name\" content=\"Tonnellerie Millet\" \/>\n<meta property=\"article:publisher\" content=\"https:\/\/www.facebook.com\/tonnelleriemillet\/\" \/>\n<meta property=\"article:modified_time\" content=\"2021-06-21T13:27:12+00:00\" \/>\n<meta property=\"og:image\" content=\"http:\/\/www.tonnelleriemillet.com\/fr\/wp-content\/uploads\/2018\/12\/35A1792-200x300.jpg\" \/>\n<meta name=\"twitter:card\" content=\"summary_large_image\" \/>\n<meta name=\"twitter:label1\" content=\"Dur\u00e9e de lecture estim\u00e9e\" \/>\n\t<meta name=\"twitter:data1\" content=\"2 minutes\" \/>\n<script type=\"application\/ld+json\" class=\"yoast-schema-graph\">{\"@context\":\"https:\/\/schema.org\",\"@graph\":[{\"@type\":\"WebPage\",\"@id\":\"https:\/\/www.tonnelleriemillet.com\/fr\/produits\/\",\"url\":\"https:\/\/www.tonnelleriemillet.com\/fr\/produits\/\",\"name\":\"LE CH\u00caNE - Tonnellerie Millet\",\"isPartOf\":{\"@id\":\"https:\/\/www.tonnelleriemillet.com\/fr\/#website\"},\"primaryImageOfPage\":{\"@id\":\"https:\/\/www.tonnelleriemillet.com\/fr\/produits\/#primaryimage\"},\"image\":{\"@id\":\"https:\/\/www.tonnelleriemillet.com\/fr\/produits\/#primaryimage\"},\"thumbnailUrl\":\"http:\/\/www.tonnelleriemillet.com\/fr\/wp-content\/uploads\/2018\/12\/35A1792-200x300.jpg\",\"datePublished\":\"2017-03-08T15:37:15+00:00\",\"dateModified\":\"2021-06-21T13:27:12+00:00\",\"breadcrumb\":{\"@id\":\"https:\/\/www.tonnelleriemillet.com\/fr\/produits\/#breadcrumb\"},\"inLanguage\":\"fr-FR\",\"potentialAction\":[{\"@type\":\"ReadAction\",\"target\":[\"https:\/\/www.tonnelleriemillet.com\/fr\/produits\/\"]}]},{\"@type\":\"ImageObject\",\"inLanguage\":\"fr-FR\",\"@id\":\"https:\/\/www.tonnelleriemillet.com\/fr\/produits\/#primaryimage\",\"url\":\"http:\/\/www.tonnelleriemillet.com\/fr\/wp-content\/uploads\/2018\/12\/35A1792-200x300.jpg\",\"contentUrl\":\"http:\/\/www.tonnelleriemillet.com\/fr\/wp-content\/uploads\/2018\/12\/35A1792-200x300.jpg\"},{\"@type\":\"BreadcrumbList\",\"@id\":\"https:\/\/www.tonnelleriemillet.com\/fr\/produits\/#breadcrumb\",\"itemListElement\":[{\"@type\":\"ListItem\",\"position\":1,\"name\":\"Accueil\",\"item\":\"https:\/\/www.tonnelleriemillet.com\/fr\/\"},{\"@type\":\"ListItem\",\"position\":2,\"name\":\"LE CH\u00caNE\"}]},{\"@type\":\"WebSite\",\"@id\":\"https:\/\/www.tonnelleriemillet.com\/fr\/#website\",\"url\":\"https:\/\/www.tonnelleriemillet.com\/fr\/\",\"name\":\"Tonnellerie Millet\",\"description\":\"Partenaire des Grands Vins depuis 1952\",\"publisher\":{\"@id\":\"https:\/\/www.tonnelleriemillet.com\/fr\/#organization\"},\"potentialAction\":[{\"@type\":\"SearchAction\",\"target\":{\"@type\":\"EntryPoint\",\"urlTemplate\":\"https:\/\/www.tonnelleriemillet.com\/fr\/?s={search_term_string}\"},\"query-input\":{\"@type\":\"PropertyValueSpecification\",\"valueRequired\":true,\"valueName\":\"search_term_string\"}}],\"inLanguage\":\"fr-FR\"},{\"@type\":\"Organization\",\"@id\":\"https:\/\/www.tonnelleriemillet.com\/fr\/#organization\",\"name\":\"Tonnellerie MILLET\",\"url\":\"https:\/\/www.tonnelleriemillet.com\/fr\/\",\"logo\":{\"@type\":\"ImageObject\",\"inLanguage\":\"fr-FR\",\"@id\":\"https:\/\/www.tonnelleriemillet.com\/fr\/#\/schema\/logo\/image\/\",\"url\":\"http:\/\/www.tonnelleriemillet.com\/fr\/wp-content\/uploads\/2017\/03\/cropped-logotm-1.png\",\"contentUrl\":\"http:\/\/www.tonnelleriemillet.com\/fr\/wp-content\/uploads\/2017\/03\/cropped-logotm-1.png\",\"width\":512,\"height\":512,\"caption\":\"Tonnellerie MILLET\"},\"image\":{\"@id\":\"https:\/\/www.tonnelleriemillet.com\/fr\/#\/schema\/logo\/image\/\"},\"sameAs\":[\"https:\/\/www.facebook.com\/tonnelleriemillet\/\"]}]}<\/script>\n<!-- \/ Yoast SEO plugin. -->","yoast_head_json":{"title":"LE CH\u00caNE - Tonnellerie Millet","robots":{"index":"index","follow":"follow","max-snippet":"max-snippet:-1","max-image-preview":"max-image-preview:large","max-video-preview":"max-video-preview:-1"},"canonical":"https:\/\/www.tonnelleriemillet.com\/fr\/produits\/","og_locale":"fr_FR","og_type":"article","og_title":"LE CH\u00caNE - Tonnellerie Millet","og_description":"AUX ORIGINES, LA FOR\u00caT Le ch\u00eane fran\u00e7ais Nous travaillons principalement du ch\u00eane fran\u00e7ais, que nous s\u00e9lectionnons parmi les plus beaux&nbsp; sp\u00e9cimens, au sein des grandes for\u00eats domaniales du pays. Nous recherchons en particulier des grains fins et extra-fins, afin de perp\u00e9tuer la tradition tonneli\u00e8re d\u2019excellence \u00e0 la fran\u00e7aise. Nous effectuons plusieurs s\u00e9lections sp\u00e9cifiques de ch\u00eane &hellip; Continuer la lecture de &laquo;&nbsp;LE CH\u00caNE&nbsp;&raquo;","og_url":"https:\/\/www.tonnelleriemillet.com\/fr\/produits\/","og_site_name":"Tonnellerie Millet","article_publisher":"https:\/\/www.facebook.com\/tonnelleriemillet\/","article_modified_time":"2021-06-21T13:27:12+00:00","og_image":[{"url":"http:\/\/www.tonnelleriemillet.com\/fr\/wp-content\/uploads\/2018\/12\/35A1792-200x300.jpg","type":"","width":"","height":""}],"twitter_card":"summary_large_image","twitter_misc":{"Dur\u00e9e de lecture estim\u00e9e":"2 minutes"},"schema":{"@context":"https:\/\/schema.org","@graph":[{"@type":"WebPage","@id":"https:\/\/www.tonnelleriemillet.com\/fr\/produits\/","url":"https:\/\/www.tonnelleriemillet.com\/fr\/produits\/","name":"LE CH\u00caNE - Tonnellerie Millet","isPartOf":{"@id":"https:\/\/www.tonnelleriemillet.com\/fr\/#website"},"primaryImageOfPage":{"@id":"https:\/\/www.tonnelleriemillet.com\/fr\/produits\/#primaryimage"},"image":{"@id":"https:\/\/www.tonnelleriemillet.com\/fr\/produits\/#primaryimage"},"thumbnailUrl":"http:\/\/www.tonnelleriemillet.com\/fr\/wp-content\/uploads\/2018\/12\/35A1792-200x300.jpg","datePublished":"2017-03-08T15:37:15+00:00","dateModified":"2021-06-21T13:27:12+00:00","breadcrumb":{"@id":"https:\/\/www.tonnelleriemillet.com\/fr\/produits\/#breadcrumb"},"inLanguage":"fr-FR","potentialAction":[{"@type":"ReadAction","target":["https:\/\/www.tonnelleriemillet.com\/fr\/produits\/"]}]},{"@type":"ImageObject","inLanguage":"fr-FR","@id":"https:\/\/www.tonnelleriemillet.com\/fr\/produits\/#primaryimage","url":"http:\/\/www.tonnelleriemillet.com\/fr\/wp-content\/uploads\/2018\/12\/35A1792-200x300.jpg","contentUrl":"http:\/\/www.tonnelleriemillet.com\/fr\/wp-content\/uploads\/2018\/12\/35A1792-200x300.jpg"},{"@type":"BreadcrumbList","@id":"https:\/\/www.tonnelleriemillet.com\/fr\/produits\/#breadcrumb","itemListElement":[{"@type":"ListItem","position":1,"name":"Accueil","item":"https:\/\/www.tonnelleriemillet.com\/fr\/"},{"@type":"ListItem","position":2,"name":"LE CH\u00caNE"}]},{"@type":"WebSite","@id":"https:\/\/www.tonnelleriemillet.com\/fr\/#website","url":"https:\/\/www.tonnelleriemillet.com\/fr\/","name":"Tonnellerie Millet","description":"Partenaire des Grands Vins depuis 1952","publisher":{"@id":"https:\/\/www.tonnelleriemillet.com\/fr\/#organization"},"potentialAction":[{"@type":"SearchAction","target":{"@type":"EntryPoint","urlTemplate":"https:\/\/www.tonnelleriemillet.com\/fr\/?s={search_term_string}"},"query-input":{"@type":"PropertyValueSpecification","valueRequired":true,"valueName":"search_term_string"}}],"inLanguage":"fr-FR"},{"@type":"Organization","@id":"https:\/\/www.tonnelleriemillet.com\/fr\/#organization","name":"Tonnellerie MILLET","url":"https:\/\/www.tonnelleriemillet.com\/fr\/","logo":{"@type":"ImageObject","inLanguage":"fr-FR","@id":"https:\/\/www.tonnelleriemillet.com\/fr\/#\/schema\/logo\/image\/","url":"http:\/\/www.tonnelleriemillet.com\/fr\/wp-content\/uploads\/2017\/03\/cropped-logotm-1.png","contentUrl":"http:\/\/www.tonnelleriemillet.com\/fr\/wp-content\/uploads\/2017\/03\/cropped-logotm-1.png","width":512,"height":512,"caption":"Tonnellerie MILLET"},"image":{"@id":"https:\/\/www.tonnelleriemillet.com\/fr\/#\/schema\/logo\/image\/"},"sameAs":["https:\/\/www.facebook.com\/tonnelleriemillet\/"]}]}},"_links":{"self":[{"href":"https:\/\/www.tonnelleriemillet.com\/fr\/wp-json\/wp\/v2\/pages\/2","targetHints":{"allow":["GET"]}}],"collection":[{"href":"https:\/\/www.tonnelleriemillet.com\/fr\/wp-json\/wp\/v2\/pages"}],"about":[{"href":"https:\/\/www.tonnelleriemillet.com\/fr\/wp-json\/wp\/v2\/types\/page"}],"author":[{"embeddable":true,"href":"https:\/\/www.tonnelleriemillet.com\/fr\/wp-json\/wp\/v2\/users\/5"}],"replies":[{"embeddable":true,"href":"https:\/\/www.tonnelleriemillet.com\/fr\/wp-json\/wp\/v2\/comments?post=2"}],"version-history":[{"count":147,"href":"https:\/\/www.tonnelleriemillet.com\/fr\/wp-json\/wp\/v2\/pages\/2\/revisions"}],"predecessor-version":[{"id":1214,"href":"https:\/\/www.tonnelleriemillet.com\/fr\/wp-json\/wp\/v2\/pages\/2\/revisions\/1214"}],"wp:attachment":[{"href":"https:\/\/www.tonnelleriemillet.com\/fr\/wp-json\/wp\/v2\/media?parent=2"}],"curies":[{"name":"wp","href":"https:\/\/api.w.org\/{rel}","templated":true}]}}