{"id":1159,"date":"2018-12-13T22:01:20","date_gmt":"2018-12-13T21:01:20","guid":{"rendered":"http:\/\/www.tonnelleriemillet.com\/fr\/?page_id=1159"},"modified":"2022-10-24T10:48:16","modified_gmt":"2022-10-24T08:48:16","slug":"politique-de-confidentialite","status":"publish","type":"page","link":"https:\/\/www.tonnelleriemillet.com\/fr\/politique-de-confidentialite\/","title":{"rendered":"Mentions L\u00e9gales"},"content":{"rendered":"<p style=\"text-align: justify;\"><span style=\"color: #008000; font-family: arial, helvetica, sans-serif; font-size: 12pt;\"><strong><span style=\"text-decoration: underline;\">Cr\u00e9dits Photos<\/span> : Fran\u00e7ois Blazquez, Gr\u00e9goire M\u00e4hler<\/strong><\/span><\/p>\n<p style=\"text-align: justify;\">&nbsp;<\/p>\n<hr>\n<p style=\"text-align: justify;\"><span style=\"font-size: 14pt; font-family: arial, helvetica, sans-serif;\"><strong>MENTIONS L\u00c9GALES<\/strong><\/span><\/p>\n<p style=\"text-align: justify;\"><span style=\"font-family: arial, helvetica, sans-serif; font-size: 10pt;\"><strong>1. IDENTIT\u00c9<\/strong><\/span><\/p>\n<p style=\"text-align: justify;\"><span style=\"font-family: arial, helvetica, sans-serif; font-size: 10pt;\">Raison sociale : TONNELLERIE MILLET<\/span><br><span style=\"font-family: arial, helvetica, sans-serif; font-size: 10pt;\">Forme juridique : Soci\u00e9t\u00e9 par actions simplifi\u00e9e<\/span><br><span style=\"font-family: arial, helvetica, sans-serif; font-size: 10pt;\">Si\u00e8ge social : 39 route de Cavignac, 33133 Galgon<\/span><br><span style=\"font-family: arial, helvetica, sans-serif; font-size: 10pt;\">Capital social : 8000,00 Euros<\/span><br><span style=\"font-family: arial, helvetica, sans-serif; font-size: 10pt;\">N\u00b0 RCS : 399 848 332 R.C.S. Libourne<\/span><br><span style=\"font-family: arial, helvetica, sans-serif; font-size: 10pt;\">Directeur g\u00e9n\u00e9ral : Magdeleine ALLAUME<\/span><br><span style=\"font-family: arial, helvetica, sans-serif; font-size: 10pt;\">Responsable de la publication : Tonnellerie Millet<\/span><\/p>\n<p style=\"text-align: justify;\"><span style=\"font-family: arial, helvetica, sans-serif; font-size: 10pt;\">Le Site www.tonnelleriemillet.com est h\u00e9berg\u00e9 par la soci\u00e9t\u00e9 OVH : 2 rue Kellermann, 59100 Roubaix, France &#8211; T\u00e9l. : 1007. <br><\/span><\/p>\n<p style=\"text-align: justify;\"><span style=\"font-family: arial, helvetica, sans-serif; font-size: 10pt;\"><strong>2. CONDITIONS D\u2019UTILISATION<\/strong><\/span><\/p>\n<p style=\"text-align: justify;\"><span style=\"font-family: arial, helvetica, sans-serif; font-size: 10pt;\">En utilisant ce Site et les informations qui y sont contenues, les utilisateurs reconnaissent avoir pris connaissance, compris et accept\u00e9 les mentions l\u00e9gales qui suivent.<\/span><\/p>\n<p style=\"text-align: justify;\"><span style=\"font-family: arial, helvetica, sans-serif; font-size: 10pt;\">Ce Site a pour objet de fournir des informations g\u00e9n\u00e9rales sur les activit\u00e9s de la Tonnellerie MILLET. La Tonnellerie MILLET s\u2019efforce d\u2019assurer le bon fonctionnement et la s\u00e9curit\u00e9 informatique de ce site ainsi que l\u2019exactitude et la mise \u00e0 jour des informations qui y sont diffus\u00e9es.&nbsp; Toutefois, la Tonnellerie MILLET ne peut garantir l\u2019exactitude, la pr\u00e9cision ou l\u2019exhaustivit\u00e9 des informations disponibles sur ce site. Il appartient aux utilisateurs du site de v\u00e9rifier l\u2019information par d\u2019autres moyens, y compris en contactant la Tonnellerie MILLET.<\/span><\/p>\n<p style=\"text-align: justify;\"><span style=\"font-family: arial, helvetica, sans-serif; font-size: 10pt;\">En particulier, la Tonnellerie MILLET d\u00e9cline toute responsabilit\u00e9 : \u2013 pour toute impr\u00e9cision, inexactitude ou omission portant sur des informations disponibles sur le Site ; \u2013 pour tous dommages r\u00e9sultant d\u2019une intrusion frauduleuse d\u2019un tiers ayant entra\u00een\u00e9 une modification des informations mises \u00e0 la disposition sur le site ; \u2013 et plus g\u00e9n\u00e9ralement pour tous dommages, directs ou indirects, qu\u2019elles qu\u2019en soient les causes, origines, nature ou cons\u00e9quences, provoqu\u00e9s en raison de l\u2019acc\u00e8s de quiconque au site ou de l\u2019impossibilit\u00e9 d\u2019y acc\u00e9der, de m\u00eame que l\u2019utilisation du site et\/ou du cr\u00e9dit accord\u00e9 \u00e0 une quelconque information provenant directement ou indirectement de ce dernier.<\/span><\/p>\n<p style=\"text-align: justify;\"><span style=\"font-family: arial, helvetica, sans-serif; font-size: 10pt;\">La Tonnellerie MILLET se r\u00e9serve le droit de modifier, lorsqu\u2019elle le jugera opportun, \u00e0 tout moment et sans pr\u00e9avis, le contenu de ce Site.<\/span><\/p>\n<p style=\"text-align: justify;\"><span style=\"font-family: arial, helvetica, sans-serif; font-size: 10pt;\">Les informations diffus\u00e9es sur ce site ne sauraient \u00eatre consid\u00e9r\u00e9es comme une incitation \u00e0 investir. Elles ne doivent en aucun cas \u00eatre interpr\u00e9t\u00e9es comme un d\u00e9marchage et ne constituent pas une offre de souscription, d\u2019achat ou d\u2019\u00e9change d\u2019actions ou autres valeurs mobili\u00e8res de la Tonnellerie MILLET ou de tout autre \u00e9metteur. En cons\u00e9quence, la Tonnellerie MILLET ne peut \u00eatre tenu pour responsable du contenu ou de l\u2019exactitude de tout ou partie des informations transmises sur son site internet et de tout ordre ou d\u00e9cision d\u2019investissement bas\u00e9s sur de telles informations. Il appartient aux personnes qui sont soumises \u00e0 une l\u00e9gislation \u00e9trang\u00e8re de s\u2019assurer que l\u2019utilisation du site est conforme \u00e0 leur l\u00e9gislation nationale. La Tonnellerie MILLET ne saurait \u00eatre tenue pour responsable d\u2019une utilisation du site contraire \u00e0 la l\u00e9gislation locale.<\/span><\/p>\n<p style=\"text-align: justify;\"><span style=\"font-family: arial, helvetica, sans-serif; font-size: 10pt;\">La Tonnellerie MILLET n\u2019est pas responsable du contenu des sites web accessibles \u00e0 partir de ce Site par des liens hypertextes ou autres. Le fait qu\u2019un lien soit pr\u00e9sent sur ce site ne signifie pas que la Tonnellerie MILLET assume la responsabilit\u00e9 du contenu d\u2019un tel autre site, ni des services ou produits qu\u2019il peut contenir. L\u2019acc\u00e8s \u00e0 ces sites et leur utilisation se fait sous la seule responsabilit\u00e9 des utilisateurs et ne saurait en aucun cas engager la responsabilit\u00e9 de la Tonnellerie MILLET. Les utilisateurs du site ne sauraient mettre en place un hyperlien en direction de ce site sans l\u2019autorisation expresse \u00e9crite et pr\u00e9alable de la Tonnellerie MILLET.<\/span><\/p>\n<p style=\"text-align: justify;\"><span style=\"font-family: arial, helvetica, sans-serif; font-size: 10pt;\">Sauf mention contraire, les droits de propri\u00e9t\u00e9 intellectuelle sur les documents contenus dans le site et chacun des \u00e9l\u00e9ments cr\u00e9\u00e9s pour ce site sont la propri\u00e9t\u00e9 exclusive de la Tonnellerie MILLET. La reproduction de tous documents publi\u00e9s sur le site est seulement autoris\u00e9e aux fins exclusives d\u2019information pour un usage personnel et priv\u00e9, toute reproduction et toute utilisation de copies \u00e0 d\u2019autres fins \u00e9tant express\u00e9ment interdite.<\/span><\/p>\n<p style=\"text-align: justify;\"><span style=\"font-family: arial, helvetica, sans-serif; font-size: 10pt;\"><strong>3. DONN\u00c9ES PERSONNELLES<\/strong><\/span><\/p>\n<p style=\"text-align: justify;\"><span style=\"font-family: arial, helvetica, sans-serif; font-size: 10pt;\">Les informations que vous saisirez seront enregistr\u00e9es par la soci\u00e9t\u00e9, responsable du traitement. Elles seront analys\u00e9es et transmises aux diff\u00e9rents services concern\u00e9s pour les n\u00e9cessit\u00e9s de la gestion interne. Ces informations pourront \u00eatre communiqu\u00e9es aux prestataires de la soci\u00e9t\u00e9 pour l\u2019ex\u00e9cution de travaux effectu\u00e9s pour son compte.<\/span><\/p>\n<p style=\"text-align: justify;\"><span style=\"font-family: arial, helvetica, sans-serif; font-size: 10pt;\">La loi \u00ab&nbsp;Informatique et Libert\u00e9s&nbsp;\u00bb du 06.01.1978 vous fait b\u00e9n\u00e9ficier d\u2019un droit d\u2019acc\u00e8s, de rectification et de suppression des donn\u00e9es personnelles que vous nous communiquez. Si vous voulez exercer ce droit, signalez-le-nous par courrier, en pr\u00e9cisant vos nom, pr\u00e9nom et adresse, \u00e0 : Tonnellerie Millet&nbsp;La Giraude, 39 Route de Cavignac, 33133 GALGON ou par e-mail \u00e0 l\u2019adresse suivante : <a href=\"mailto:contact@tonnelleriemillet.com\">contact@tonnelleriemillet.com<\/a><\/span><\/p>\n<p style=\"text-align: justify;\"><span style=\"font-family: arial, helvetica, sans-serif; font-size: 10pt;\"><strong>4. COOKIES<\/strong><\/span><\/p>\n<p style=\"text-align: justify;\"><span style=\"font-family: arial, helvetica, sans-serif; font-size: 10pt;\">Les cookies sont des fichiers textes conserv\u00e9s par votre navigateur. Certains d\u2019entre eux sont n\u00e9cessaires pour assurer le bon fonctionnement du site et la meilleure exp\u00e9rience de navigation possible. Ils permettent \u00e9galement \u00e0 la Tonnellerie MILLET de comprendre l\u2019utilisation que vous faites du site dans un but de constante optimisation. La Tonnellerie MILLET vous rappelle que les cookies ne lui permettent pas de vous identifier et que la dur\u00e9e de conservation des informations enregistr\u00e9es par les cookies dans votre ordinateur est de 6 mois. Toutefois, et conform\u00e9ment aux recommandations de la Commission Nationale de l\u2019Informatique et des Libert\u00e9s, la Tonnellerie MILLET vous informe que vous pouvez vous opposer \u00e0 l\u2019enregistrement des cookies en configurant votre navigateur en ce sens. Le consentement donn\u00e9 par l\u2019utilisateur du site internet de la Tonnellerie MILLET concernant l\u2019utilisation des cookies est d\u2019une dur\u00e9e de 13 mois.<\/span><\/p>\n<p style=\"text-align: justify;\"><span style=\"font-family: arial, helvetica, sans-serif; font-size: 10pt;\"><strong>5. DROIT APPLICABLE<\/strong><\/span><\/p>\n<p style=\"text-align: justify;\"><span style=\"font-family: arial, helvetica, sans-serif; font-size: 10pt;\">Le Site et ses conditions d\u2019acc\u00e8s et d\u2019utilisation sont r\u00e9gis par le droit fran\u00e7ais. Tout diff\u00e9rend relatif au dit site Internet sera soumis \u00e0 la comp\u00e9tence exclusive des Tribunaux de Bordeaux.<\/span><\/p>\n\n\n<p><\/p>\n","protected":false},"excerpt":{"rendered":"<p>Cr\u00e9dits Photos : Fran\u00e7ois Blazquez, Gr\u00e9goire M\u00e4hler &nbsp; MENTIONS L\u00c9GALES 1. IDENTIT\u00c9 Raison sociale : TONNELLERIE MILLETForme juridique : Soci\u00e9t\u00e9 par actions simplifi\u00e9eSi\u00e8ge social : 39 route de Cavignac, 33133 GalgonCapital social : 8000,00 EurosN\u00b0 RCS : 399 848 332 R.C.S. LibourneDirecteur g\u00e9n\u00e9ral : Magdeleine ALLAUMEResponsable de la publication : Tonnellerie Millet Le Site www.tonnelleriemillet.com &hellip; <\/p>\n<p class=\"link-more\"><a href=\"https:\/\/www.tonnelleriemillet.com\/fr\/politique-de-confidentialite\/\" class=\"more-link\">Continuer la lecture<span class=\"screen-reader-text\"> de &laquo;&nbsp;Mentions L\u00e9gales&nbsp;&raquo;<\/span><\/a><\/p>\n","protected":false},"author":5,"featured_media":0,"parent":0,"menu_order":0,"comment_status":"closed","ping_status":"closed","template":"","meta":{"ngg_post_thumbnail":0,"footnotes":""},"class_list":["post-1159","page","type-page","status-publish","hentry"],"yoast_head":"<!-- This site is optimized with the Yoast SEO plugin v27.2 - https:\/\/yoast.com\/product\/yoast-seo-wordpress\/ -->\n<title>Mentions L\u00e9gales - Tonnellerie Millet<\/title>\n<meta name=\"robots\" content=\"index, follow, max-snippet:-1, max-image-preview:large, max-video-preview:-1\" \/>\n<link rel=\"canonical\" href=\"https:\/\/www.tonnelleriemillet.com\/fr\/politique-de-confidentialite\/\" \/>\n<meta property=\"og:locale\" content=\"fr_FR\" \/>\n<meta property=\"og:type\" content=\"article\" \/>\n<meta property=\"og:title\" content=\"Mentions L\u00e9gales - Tonnellerie Millet\" \/>\n<meta property=\"og:description\" content=\"Cr\u00e9dits Photos : Fran\u00e7ois Blazquez, Gr\u00e9goire M\u00e4hler &nbsp; MENTIONS L\u00c9GALES 1. IDENTIT\u00c9 Raison sociale : TONNELLERIE MILLETForme juridique : Soci\u00e9t\u00e9 par actions simplifi\u00e9eSi\u00e8ge social : 39 route de Cavignac, 33133 GalgonCapital social : 8000,00 EurosN\u00b0 RCS : 399 848 332 R.C.S. LibourneDirecteur g\u00e9n\u00e9ral : Magdeleine ALLAUMEResponsable de la publication : Tonnellerie Millet Le Site www.tonnelleriemillet.com &hellip; Continuer la lecture de &laquo;&nbsp;Mentions L\u00e9gales&nbsp;&raquo;\" \/>\n<meta property=\"og:url\" content=\"https:\/\/www.tonnelleriemillet.com\/fr\/politique-de-confidentialite\/\" \/>\n<meta property=\"og:site_name\" content=\"Tonnellerie Millet\" \/>\n<meta property=\"article:publisher\" content=\"https:\/\/www.facebook.com\/tonnelleriemillet\/\" \/>\n<meta property=\"article:modified_time\" content=\"2022-10-24T08:48:16+00:00\" \/>\n<meta name=\"twitter:card\" content=\"summary_large_image\" \/>\n<meta name=\"twitter:label1\" content=\"Dur\u00e9e de lecture estim\u00e9e\" \/>\n\t<meta name=\"twitter:data1\" content=\"5 minutes\" \/>\n<script type=\"application\/ld+json\" class=\"yoast-schema-graph\">{\"@context\":\"https:\/\/schema.org\",\"@graph\":[{\"@type\":\"WebPage\",\"@id\":\"https:\/\/www.tonnelleriemillet.com\/fr\/politique-de-confidentialite\/\",\"url\":\"https:\/\/www.tonnelleriemillet.com\/fr\/politique-de-confidentialite\/\",\"name\":\"Mentions L\u00e9gales - Tonnellerie Millet\",\"isPartOf\":{\"@id\":\"https:\/\/www.tonnelleriemillet.com\/fr\/#website\"},\"datePublished\":\"2018-12-13T21:01:20+00:00\",\"dateModified\":\"2022-10-24T08:48:16+00:00\",\"breadcrumb\":{\"@id\":\"https:\/\/www.tonnelleriemillet.com\/fr\/politique-de-confidentialite\/#breadcrumb\"},\"inLanguage\":\"fr-FR\",\"potentialAction\":[{\"@type\":\"ReadAction\",\"target\":[\"https:\/\/www.tonnelleriemillet.com\/fr\/politique-de-confidentialite\/\"]}]},{\"@type\":\"BreadcrumbList\",\"@id\":\"https:\/\/www.tonnelleriemillet.com\/fr\/politique-de-confidentialite\/#breadcrumb\",\"itemListElement\":[{\"@type\":\"ListItem\",\"position\":1,\"name\":\"Accueil\",\"item\":\"https:\/\/www.tonnelleriemillet.com\/fr\/\"},{\"@type\":\"ListItem\",\"position\":2,\"name\":\"Mentions L\u00e9gales\"}]},{\"@type\":\"WebSite\",\"@id\":\"https:\/\/www.tonnelleriemillet.com\/fr\/#website\",\"url\":\"https:\/\/www.tonnelleriemillet.com\/fr\/\",\"name\":\"Tonnellerie Millet\",\"description\":\"Partenaire des Grands Vins depuis 1952\",\"publisher\":{\"@id\":\"https:\/\/www.tonnelleriemillet.com\/fr\/#organization\"},\"potentialAction\":[{\"@type\":\"SearchAction\",\"target\":{\"@type\":\"EntryPoint\",\"urlTemplate\":\"https:\/\/www.tonnelleriemillet.com\/fr\/?s={search_term_string}\"},\"query-input\":{\"@type\":\"PropertyValueSpecification\",\"valueRequired\":true,\"valueName\":\"search_term_string\"}}],\"inLanguage\":\"fr-FR\"},{\"@type\":\"Organization\",\"@id\":\"https:\/\/www.tonnelleriemillet.com\/fr\/#organization\",\"name\":\"Tonnellerie MILLET\",\"url\":\"https:\/\/www.tonnelleriemillet.com\/fr\/\",\"logo\":{\"@type\":\"ImageObject\",\"inLanguage\":\"fr-FR\",\"@id\":\"https:\/\/www.tonnelleriemillet.com\/fr\/#\/schema\/logo\/image\/\",\"url\":\"http:\/\/www.tonnelleriemillet.com\/fr\/wp-content\/uploads\/2017\/03\/cropped-logotm-1.png\",\"contentUrl\":\"http:\/\/www.tonnelleriemillet.com\/fr\/wp-content\/uploads\/2017\/03\/cropped-logotm-1.png\",\"width\":512,\"height\":512,\"caption\":\"Tonnellerie MILLET\"},\"image\":{\"@id\":\"https:\/\/www.tonnelleriemillet.com\/fr\/#\/schema\/logo\/image\/\"},\"sameAs\":[\"https:\/\/www.facebook.com\/tonnelleriemillet\/\"]}]}<\/script>\n<!-- \/ Yoast SEO plugin. -->","yoast_head_json":{"title":"Mentions L\u00e9gales - Tonnellerie Millet","robots":{"index":"index","follow":"follow","max-snippet":"max-snippet:-1","max-image-preview":"max-image-preview:large","max-video-preview":"max-video-preview:-1"},"canonical":"https:\/\/www.tonnelleriemillet.com\/fr\/politique-de-confidentialite\/","og_locale":"fr_FR","og_type":"article","og_title":"Mentions L\u00e9gales - Tonnellerie Millet","og_description":"Cr\u00e9dits Photos : Fran\u00e7ois Blazquez, Gr\u00e9goire M\u00e4hler &nbsp; MENTIONS L\u00c9GALES 1. IDENTIT\u00c9 Raison sociale : TONNELLERIE MILLETForme juridique : Soci\u00e9t\u00e9 par actions simplifi\u00e9eSi\u00e8ge social : 39 route de Cavignac, 33133 GalgonCapital social : 8000,00 EurosN\u00b0 RCS : 399 848 332 R.C.S. LibourneDirecteur g\u00e9n\u00e9ral : Magdeleine ALLAUMEResponsable de la publication : Tonnellerie Millet Le Site www.tonnelleriemillet.com &hellip; Continuer la lecture de &laquo;&nbsp;Mentions L\u00e9gales&nbsp;&raquo;","og_url":"https:\/\/www.tonnelleriemillet.com\/fr\/politique-de-confidentialite\/","og_site_name":"Tonnellerie Millet","article_publisher":"https:\/\/www.facebook.com\/tonnelleriemillet\/","article_modified_time":"2022-10-24T08:48:16+00:00","twitter_card":"summary_large_image","twitter_misc":{"Dur\u00e9e de lecture estim\u00e9e":"5 minutes"},"schema":{"@context":"https:\/\/schema.org","@graph":[{"@type":"WebPage","@id":"https:\/\/www.tonnelleriemillet.com\/fr\/politique-de-confidentialite\/","url":"https:\/\/www.tonnelleriemillet.com\/fr\/politique-de-confidentialite\/","name":"Mentions L\u00e9gales - Tonnellerie Millet","isPartOf":{"@id":"https:\/\/www.tonnelleriemillet.com\/fr\/#website"},"datePublished":"2018-12-13T21:01:20+00:00","dateModified":"2022-10-24T08:48:16+00:00","breadcrumb":{"@id":"https:\/\/www.tonnelleriemillet.com\/fr\/politique-de-confidentialite\/#breadcrumb"},"inLanguage":"fr-FR","potentialAction":[{"@type":"ReadAction","target":["https:\/\/www.tonnelleriemillet.com\/fr\/politique-de-confidentialite\/"]}]},{"@type":"BreadcrumbList","@id":"https:\/\/www.tonnelleriemillet.com\/fr\/politique-de-confidentialite\/#breadcrumb","itemListElement":[{"@type":"ListItem","position":1,"name":"Accueil","item":"https:\/\/www.tonnelleriemillet.com\/fr\/"},{"@type":"ListItem","position":2,"name":"Mentions L\u00e9gales"}]},{"@type":"WebSite","@id":"https:\/\/www.tonnelleriemillet.com\/fr\/#website","url":"https:\/\/www.tonnelleriemillet.com\/fr\/","name":"Tonnellerie Millet","description":"Partenaire des Grands Vins depuis 1952","publisher":{"@id":"https:\/\/www.tonnelleriemillet.com\/fr\/#organization"},"potentialAction":[{"@type":"SearchAction","target":{"@type":"EntryPoint","urlTemplate":"https:\/\/www.tonnelleriemillet.com\/fr\/?s={search_term_string}"},"query-input":{"@type":"PropertyValueSpecification","valueRequired":true,"valueName":"search_term_string"}}],"inLanguage":"fr-FR"},{"@type":"Organization","@id":"https:\/\/www.tonnelleriemillet.com\/fr\/#organization","name":"Tonnellerie MILLET","url":"https:\/\/www.tonnelleriemillet.com\/fr\/","logo":{"@type":"ImageObject","inLanguage":"fr-FR","@id":"https:\/\/www.tonnelleriemillet.com\/fr\/#\/schema\/logo\/image\/","url":"http:\/\/www.tonnelleriemillet.com\/fr\/wp-content\/uploads\/2017\/03\/cropped-logotm-1.png","contentUrl":"http:\/\/www.tonnelleriemillet.com\/fr\/wp-content\/uploads\/2017\/03\/cropped-logotm-1.png","width":512,"height":512,"caption":"Tonnellerie MILLET"},"image":{"@id":"https:\/\/www.tonnelleriemillet.com\/fr\/#\/schema\/logo\/image\/"},"sameAs":["https:\/\/www.facebook.com\/tonnelleriemillet\/"]}]}},"_links":{"self":[{"href":"https:\/\/www.tonnelleriemillet.com\/fr\/wp-json\/wp\/v2\/pages\/1159","targetHints":{"allow":["GET"]}}],"collection":[{"href":"https:\/\/www.tonnelleriemillet.com\/fr\/wp-json\/wp\/v2\/pages"}],"about":[{"href":"https:\/\/www.tonnelleriemillet.com\/fr\/wp-json\/wp\/v2\/types\/page"}],"author":[{"embeddable":true,"href":"https:\/\/www.tonnelleriemillet.com\/fr\/wp-json\/wp\/v2\/users\/5"}],"replies":[{"embeddable":true,"href":"https:\/\/www.tonnelleriemillet.com\/fr\/wp-json\/wp\/v2\/comments?post=1159"}],"version-history":[{"count":9,"href":"https:\/\/www.tonnelleriemillet.com\/fr\/wp-json\/wp\/v2\/pages\/1159\/revisions"}],"predecessor-version":[{"id":1375,"href":"https:\/\/www.tonnelleriemillet.com\/fr\/wp-json\/wp\/v2\/pages\/1159\/revisions\/1375"}],"wp:attachment":[{"href":"https:\/\/www.tonnelleriemillet.com\/fr\/wp-json\/wp\/v2\/media?parent=1159"}],"curies":[{"name":"wp","href":"https:\/\/api.w.org\/{rel}","templated":true}]}}