{"id":1102,"date":"2018-12-10T18:11:28","date_gmt":"2018-12-10T17:11:28","guid":{"rendered":"http:\/\/www.tonnelleriemillet.com\/fr\/?page_id=1102"},"modified":"2021-06-21T15:27:37","modified_gmt":"2021-06-21T13:27:37","slug":"nos-produits","status":"publish","type":"page","link":"https:\/\/www.tonnelleriemillet.com\/fr\/nos-produits\/","title":{"rendered":"NOS PRODUITS"},"content":{"rendered":"<p><span style=\"font-family: book antiqua, palatino, serif; font-size: 18pt; color: #008000;\"><strong>LE CHOIX DE L&rsquo;ARTISANAT<\/strong><\/span><\/p>\n<hr>\n<p style=\"text-align: justify;\"><span style=\"font-size: 14pt; font-family: book antiqua, palatino, serif; color: #008000;\"><em>Notre gamme de barriques<\/em><\/span><\/p>\n<p style=\"text-align: justify;\"><span style=\"font-family: arial, helvetica, sans-serif; color: #000000; font-size: 10pt;\"><img loading=\"lazy\" decoding=\"async\" class=\"alignright size-medium wp-image-1217\" src=\"https:\/\/www.tonnelleriemillet.com\/fr\/wp-content\/uploads\/2018\/12\/fut_outils-201x300.jpg\" alt=\"\" width=\"201\" height=\"300\" srcset=\"https:\/\/www.tonnelleriemillet.com\/fr\/wp-content\/uploads\/2018\/12\/fut_outils-201x300.jpg 201w, https:\/\/www.tonnelleriemillet.com\/fr\/wp-content\/uploads\/2018\/12\/fut_outils-768x1147.jpg 768w, https:\/\/www.tonnelleriemillet.com\/fr\/wp-content\/uploads\/2018\/12\/fut_outils-686x1024.jpg 686w, https:\/\/www.tonnelleriemillet.com\/fr\/wp-content\/uploads\/2018\/12\/fut_outils.jpg 994w\" sizes=\"auto, (max-width: 201px) 100vw, 201px\" \/><\/span><\/p>\n<p style=\"text-align: justify;\"><span style=\"font-family: arial, helvetica, sans-serif; color: #000000; font-size: 10pt;\">Nous proposons une <strong>gamme compl\u00e8te de f\u00fbts en ch\u00eane fran\u00e7ais<\/strong>, de capacit\u00e9s allant de 225L \u00e0 500L. Selon les mod\u00e8les, l&rsquo;\u00e9paisseur des douelles est de 22 ou 27mm :<br><\/span><\/p>\n<ul>\n<li style=\"text-align: justify;\"><span style=\"font-family: arial, helvetica, sans-serif; font-size: 10pt; color: #000000;\">Barrique <strong>Transport<\/strong> (225L, 22 ou 27mm)<\/span><\/li>\n<li style=\"text-align: justify;\"><span style=\"font-family: arial, helvetica, sans-serif; font-size: 10pt; color: #000000;\">Barrique <strong>Bordelaise Ch\u00e2teau<\/strong> (225L, 22mm)<\/span><\/li>\n<li style=\"text-align: justify;\"><span style=\"font-family: arial, helvetica, sans-serif; font-size: 10pt; color: #000000;\">F\u00fbt de <strong>300, 400 ou 500L<\/strong> (27mm)<\/span><\/li>\n<\/ul>\n<p style=\"text-align: justify;\"><span style=\"font-size: 10pt; font-family: arial, helvetica, sans-serif; color: #000000;\">En termes d&rsquo;origines, <strong>nous travaillons avec du ch\u00eane de Centre-France<\/strong>, zone d\u2019approvisionnement privil\u00e9gi\u00e9e pour la fili\u00e8re tonneli\u00e8re. Nous tenons \u00e9galement \u00e0 <strong>perp\u00e9tuer la tradition locale des barriques en ch\u00eane d&rsquo;Aquitaine<\/strong> et achetons donc sp\u00e9cifiquement du bois de notre r\u00e9gion. Ces deux provenances constituent la majeure partie de notre activit\u00e9.<\/span><\/p>\n<p style=\"text-align: justify;\"><span style=\"font-size: 14pt; font-family: book antiqua, palatino, serif; color: #008000;\"><em>Les s\u00e9lections de for\u00eats<\/em><\/span><\/p>\n<p style=\"text-align: justify;\"><span style=\"font-size: 10pt; font-family: arial, helvetica, sans-serif; color: #000000;\"><img loading=\"lazy\" decoding=\"async\" class=\"alignleft wp-image-1240\" src=\"https:\/\/www.tonnelleriemillet.com\/fr\/wp-content\/uploads\/2018\/12\/forets-297x300.jpg\" alt=\"\" width=\"170\" height=\"172\" srcset=\"https:\/\/www.tonnelleriemillet.com\/fr\/wp-content\/uploads\/2018\/12\/forets-297x300.jpg 297w, https:\/\/www.tonnelleriemillet.com\/fr\/wp-content\/uploads\/2018\/12\/forets-768x776.jpg 768w, https:\/\/www.tonnelleriemillet.com\/fr\/wp-content\/uploads\/2018\/12\/forets-100x100.jpg 100w, https:\/\/www.tonnelleriemillet.com\/fr\/wp-content\/uploads\/2018\/12\/forets.jpg 848w\" sizes=\"auto, (max-width: 170px) 100vw, 170px\" \/><\/span><\/p>\n<p style=\"text-align: justify;\"><span style=\"font-size: 10pt; font-family: arial, helvetica, sans-serif; color: #000000;\">Nous proposons \u00e9galement des f\u00fbts en ch\u00eane provenant de <strong>for\u00eats fran\u00e7aises sp\u00e9cifiquement s\u00e9lectionn\u00e9es <\/strong>pour la qualit\u00e9 tonneli\u00e8re de leurs bois. <strong>P<\/strong><strong>erseigne, Orl\u00e9ans, Bell\u00eame et Russy<\/strong> sont les massifs forestiers que nous proposons pour le mill\u00e9sime en cours.<\/span><\/p>\n<p style=\"text-align: justify;\"><span style=\"font-family: arial, helvetica, sans-serif; font-size: 10pt; color: #000000;\"><em>Attention, sur ces r\u00e9f\u00e9rences, les quantit\u00e9s disponibles sont tr\u00e8s limit\u00e9es.<\/em><br><\/span><\/p>\n<p style=\"text-align: justify;\">&nbsp;<\/p>\n<hr>\n<p style=\"text-align: justify;\"><span style=\"font-family: book antiqua, palatino, serif; font-size: 14pt; color: #008000;\"><em>Nos douelles, inspir\u00e9es du savoir-faire tonnelier<br><\/em><\/span><\/p>\n<p style=\"text-align: justify;\"><span style=\"font-size: 10pt; font-family: arial, helvetica, sans-serif; color: #000000;\"><img loading=\"lazy\" decoding=\"async\" class=\"size-medium wp-image-1248 alignleft\" src=\"https:\/\/www.tonnelleriemillet.com\/fr\/wp-content\/uploads\/2018\/12\/douelles-140x300.jpg\" alt=\"\" width=\"140\" height=\"300\" srcset=\"https:\/\/www.tonnelleriemillet.com\/fr\/wp-content\/uploads\/2018\/12\/douelles-140x300.jpg 140w, https:\/\/www.tonnelleriemillet.com\/fr\/wp-content\/uploads\/2018\/12\/douelles-478x1024.jpg 478w, https:\/\/www.tonnelleriemillet.com\/fr\/wp-content\/uploads\/2018\/12\/douelles.jpg 662w\" sizes=\"auto, (max-width: 140px) 100vw, 140px\" \/><\/span><\/p>\n<p style=\"text-align: justify;\"><span style=\"font-size: 10pt; font-family: arial, helvetica, sans-serif; color: #000000;\">Afin de r\u00e9pondre aux <strong>besoins essentiels de chaque vigneron<\/strong>, nous proposons des douelles en <strong>ch\u00eane fran\u00e7ais <\/strong><\/span><span style=\"font-size: 10pt; font-family: arial, helvetica, sans-serif; color: #000000;\"><strong>uniquement<\/strong>, disponibles dans <strong>2 \u00e9paisseurs et 2 chauffes diff\u00e9rentes<\/strong> :<\/span><\/p>\n<ul style=\"list-style-type: disc;\">\n<li><span style=\"font-size: 10pt; font-family: arial, helvetica, sans-serif; color: #000000;\"><span style=\"text-decoration: underline;\">Douelle 22mm<\/span> : elle apportera douceur et \u00e9l\u00e9gance \u00e0 vos vins, gr\u00e2ce \u00e0 un \u00e9levage de <strong>8 \u00e0 10 mois environ<\/strong>. <\/span><span style=\"font-size: 10pt; font-family: arial, helvetica, sans-serif; color: #000000;\">Une utilisation de ces douelles sur deux vins est envisageable.<\/span><\/li>\n<li><span style=\"font-size: 10pt; font-family: arial, helvetica, sans-serif; color: #000000;\"><span style=\"text-decoration: underline;\">Douelle 11mm<\/span> : <strong>5 \u00e0 6 mois<\/strong> suffiront \u00e0 valoriser pleinement votre vin, en r\u00e9v\u00e9lant sa personnalit\u00e9. <\/span><span style=\"font-size: 10pt; font-family: arial, helvetica, sans-serif; color: #000000;\">Nous conseillons de n\u2019utiliser ces douelles que sur un seul vin.<\/span><\/li>\n<\/ul>\n<p><span style=\"font-size: 10pt; font-family: arial, helvetica, sans-serif; color: #000000;\">Chauffes disponibles pour la gamme de douelles :<\/span><\/p>\n<ul style=\"list-style-type: disc;\">\n<li style=\"text-align: justify;\"><span style=\"font-size: 10pt; font-family: arial, helvetica, sans-serif; color: #000000;\">Chauffe \u00ab <strong>Moyenne Longue<\/strong> \u00bb (ML) : nez fin et discret, <\/span><span style=\"font-size: 10pt; font-family: arial, helvetica, sans-serif; color: #000000;\">structure d\u00e9licate et longueur en bouche,<\/span><\/li>\n<li style=\"text-align: justify;\"><span style=\"font-size: 10pt; font-family: arial, helvetica, sans-serif; color: #000000;\">Chauffe \u00ab <strong>Amber \u00bb<\/strong> : grande douceur, d\u00e9gradation <\/span><span style=\"font-size: 10pt; font-family: arial, helvetica, sans-serif; color: #000000;\">profonde des tannins et respect maximal du fruit.<\/span><\/li>\n<\/ul>\n<p style=\"text-align: justify;\"><em><span style=\"font-family: arial, helvetica, sans-serif; font-size: 10pt; color: #000000;\">Le ch\u00eane utilis\u00e9 pour nos douelles est issu de la m\u00eame s\u00e9lection, que celle op\u00e9r\u00e9e pour la fabrication de nos barriques <\/span><\/em><em><span style=\"font-family: arial, helvetica, sans-serif; font-size: 10pt; color: #000000;\">traditionnelles. Il b\u00e9n\u00e9ficie ainsi de garanties identiques en termes de provenance et de tra\u00e7abilit\u00e9.<\/span><\/em><\/p>\n<p>&nbsp;<\/p>\n<hr>\n<p style=\"text-align: justify;\"><em><span style=\"font-family: book antiqua, palatino, serif; font-size: 14pt; color: #008000;\">Nos inserts \u00ab\u00a0Chichis\u00a0\u00bb<\/span><\/em><\/p>\n<p style=\"text-align: justify;\"><span style=\"font-family: arial, helvetica, sans-serif; font-size: 10pt;\"><img loading=\"lazy\" decoding=\"async\" class=\"alignright wp-image-1274\" src=\"https:\/\/www.tonnelleriemillet.com\/fr\/wp-content\/uploads\/2018\/12\/chichis-300x224.jpg\" alt=\"\" width=\"228\" height=\"170\" srcset=\"https:\/\/www.tonnelleriemillet.com\/fr\/wp-content\/uploads\/2018\/12\/chichis-300x224.jpg 300w, https:\/\/www.tonnelleriemillet.com\/fr\/wp-content\/uploads\/2018\/12\/chichis-768x574.jpg 768w, https:\/\/www.tonnelleriemillet.com\/fr\/wp-content\/uploads\/2018\/12\/chichis.jpg 794w\" sizes=\"auto, (max-width: 228px) 100vw, 228px\" \/><\/span><\/p>\n<p style=\"text-align: justify;\"><span style=\"font-family: arial, helvetica, sans-serif; font-size: 10pt;\">Nos inserts&nbsp;sont des <strong>liteaux de ch\u00eane fran\u00e7ais rainur\u00e9s<\/strong>, afin d\u2019en optimiser la surface de contact avec le vin :<br><\/span><\/p>\n<ul>\n<li style=\"text-align: justify;\"><span style=\"font-family: arial, helvetica, sans-serif; font-size: 10pt;\"><strong>inserts pour barriques <\/strong>: 6 liteaux reli\u00e9s entre eux, \u00e0 visser sous la bonde gr\u00e2ce \u00e0 une vis inox fournie.<\/span><\/li>\n<li><span style=\"font-family: arial, helvetica, sans-serif; font-size: 10pt;\"><strong>inserts pour cuves<\/strong>&nbsp;: liteaux reli\u00e9s entre eux par un axe inox, \u00e0 attacher dans la cuve<\/span><\/li>\n<\/ul>\n<p><span style=\"font-family: arial, helvetica, sans-serif; font-size: 10pt; color: #000000;\"><u>Chauffes disponibles<\/u>&nbsp;: Nature (non chauff\u00e9s) \/ Moyenne (M) \/ Moyenne+ (M+)<\/span><\/p>\n\n\n<p><\/p>\n\n\n\n<p><br><\/p>\n","protected":false},"excerpt":{"rendered":"<p>LE CHOIX DE L&rsquo;ARTISANAT Notre gamme de barriques Nous proposons une gamme compl\u00e8te de f\u00fbts en ch\u00eane fran\u00e7ais, de capacit\u00e9s allant de 225L \u00e0 500L. Selon les mod\u00e8les, l&rsquo;\u00e9paisseur des douelles est de 22 ou 27mm : Barrique Transport (225L, 22 ou 27mm) Barrique Bordelaise Ch\u00e2teau (225L, 22mm) F\u00fbt de 300, 400 ou 500L (27mm) &hellip; <\/p>\n<p class=\"link-more\"><a href=\"https:\/\/www.tonnelleriemillet.com\/fr\/nos-produits\/\" class=\"more-link\">Continuer la lecture<span class=\"screen-reader-text\"> de &laquo;&nbsp;NOS PRODUITS&nbsp;&raquo;<\/span><\/a><\/p>\n","protected":false},"author":5,"featured_media":0,"parent":0,"menu_order":5,"comment_status":"closed","ping_status":"closed","template":"","meta":{"ngg_post_thumbnail":0,"footnotes":""},"class_list":["post-1102","page","type-page","status-publish","hentry"],"yoast_head":"<!-- This site is optimized with the Yoast SEO plugin v27.2 - https:\/\/yoast.com\/product\/yoast-seo-wordpress\/ -->\n<title>NOS PRODUITS - Tonnellerie Millet<\/title>\n<meta name=\"robots\" content=\"index, follow, max-snippet:-1, max-image-preview:large, max-video-preview:-1\" \/>\n<link rel=\"canonical\" href=\"https:\/\/www.tonnelleriemillet.com\/fr\/nos-produits\/\" \/>\n<meta property=\"og:locale\" content=\"fr_FR\" \/>\n<meta property=\"og:type\" content=\"article\" \/>\n<meta property=\"og:title\" content=\"NOS PRODUITS - Tonnellerie Millet\" \/>\n<meta property=\"og:description\" content=\"LE CHOIX DE L&rsquo;ARTISANAT Notre gamme de barriques Nous proposons une gamme compl\u00e8te de f\u00fbts en ch\u00eane fran\u00e7ais, de capacit\u00e9s allant de 225L \u00e0 500L. Selon les mod\u00e8les, l&rsquo;\u00e9paisseur des douelles est de 22 ou 27mm : Barrique Transport (225L, 22 ou 27mm) Barrique Bordelaise Ch\u00e2teau (225L, 22mm) F\u00fbt de 300, 400 ou 500L (27mm) &hellip; Continuer la lecture de &laquo;&nbsp;NOS PRODUITS&nbsp;&raquo;\" \/>\n<meta property=\"og:url\" content=\"https:\/\/www.tonnelleriemillet.com\/fr\/nos-produits\/\" \/>\n<meta property=\"og:site_name\" content=\"Tonnellerie Millet\" \/>\n<meta property=\"article:publisher\" content=\"https:\/\/www.facebook.com\/tonnelleriemillet\/\" \/>\n<meta property=\"article:modified_time\" content=\"2021-06-21T13:27:37+00:00\" \/>\n<meta property=\"og:image\" content=\"http:\/\/www.tonnelleriemillet.com\/fr\/wp-content\/uploads\/2018\/12\/fut_outils-201x300.jpg\" \/>\n<meta name=\"twitter:card\" content=\"summary_large_image\" \/>\n<meta name=\"twitter:label1\" content=\"Dur\u00e9e de lecture estim\u00e9e\" \/>\n\t<meta name=\"twitter:data1\" content=\"2 minutes\" \/>\n<script type=\"application\/ld+json\" class=\"yoast-schema-graph\">{\"@context\":\"https:\/\/schema.org\",\"@graph\":[{\"@type\":\"WebPage\",\"@id\":\"https:\/\/www.tonnelleriemillet.com\/fr\/nos-produits\/\",\"url\":\"https:\/\/www.tonnelleriemillet.com\/fr\/nos-produits\/\",\"name\":\"NOS PRODUITS - Tonnellerie Millet\",\"isPartOf\":{\"@id\":\"https:\/\/www.tonnelleriemillet.com\/fr\/#website\"},\"primaryImageOfPage\":{\"@id\":\"https:\/\/www.tonnelleriemillet.com\/fr\/nos-produits\/#primaryimage\"},\"image\":{\"@id\":\"https:\/\/www.tonnelleriemillet.com\/fr\/nos-produits\/#primaryimage\"},\"thumbnailUrl\":\"http:\/\/www.tonnelleriemillet.com\/fr\/wp-content\/uploads\/2018\/12\/fut_outils-201x300.jpg\",\"datePublished\":\"2018-12-10T17:11:28+00:00\",\"dateModified\":\"2021-06-21T13:27:37+00:00\",\"breadcrumb\":{\"@id\":\"https:\/\/www.tonnelleriemillet.com\/fr\/nos-produits\/#breadcrumb\"},\"inLanguage\":\"fr-FR\",\"potentialAction\":[{\"@type\":\"ReadAction\",\"target\":[\"https:\/\/www.tonnelleriemillet.com\/fr\/nos-produits\/\"]}]},{\"@type\":\"ImageObject\",\"inLanguage\":\"fr-FR\",\"@id\":\"https:\/\/www.tonnelleriemillet.com\/fr\/nos-produits\/#primaryimage\",\"url\":\"http:\/\/www.tonnelleriemillet.com\/fr\/wp-content\/uploads\/2018\/12\/fut_outils-201x300.jpg\",\"contentUrl\":\"http:\/\/www.tonnelleriemillet.com\/fr\/wp-content\/uploads\/2018\/12\/fut_outils-201x300.jpg\"},{\"@type\":\"BreadcrumbList\",\"@id\":\"https:\/\/www.tonnelleriemillet.com\/fr\/nos-produits\/#breadcrumb\",\"itemListElement\":[{\"@type\":\"ListItem\",\"position\":1,\"name\":\"Accueil\",\"item\":\"https:\/\/www.tonnelleriemillet.com\/fr\/\"},{\"@type\":\"ListItem\",\"position\":2,\"name\":\"NOS PRODUITS\"}]},{\"@type\":\"WebSite\",\"@id\":\"https:\/\/www.tonnelleriemillet.com\/fr\/#website\",\"url\":\"https:\/\/www.tonnelleriemillet.com\/fr\/\",\"name\":\"Tonnellerie Millet\",\"description\":\"Partenaire des Grands Vins depuis 1952\",\"publisher\":{\"@id\":\"https:\/\/www.tonnelleriemillet.com\/fr\/#organization\"},\"potentialAction\":[{\"@type\":\"SearchAction\",\"target\":{\"@type\":\"EntryPoint\",\"urlTemplate\":\"https:\/\/www.tonnelleriemillet.com\/fr\/?s={search_term_string}\"},\"query-input\":{\"@type\":\"PropertyValueSpecification\",\"valueRequired\":true,\"valueName\":\"search_term_string\"}}],\"inLanguage\":\"fr-FR\"},{\"@type\":\"Organization\",\"@id\":\"https:\/\/www.tonnelleriemillet.com\/fr\/#organization\",\"name\":\"Tonnellerie MILLET\",\"url\":\"https:\/\/www.tonnelleriemillet.com\/fr\/\",\"logo\":{\"@type\":\"ImageObject\",\"inLanguage\":\"fr-FR\",\"@id\":\"https:\/\/www.tonnelleriemillet.com\/fr\/#\/schema\/logo\/image\/\",\"url\":\"http:\/\/www.tonnelleriemillet.com\/fr\/wp-content\/uploads\/2017\/03\/cropped-logotm-1.png\",\"contentUrl\":\"http:\/\/www.tonnelleriemillet.com\/fr\/wp-content\/uploads\/2017\/03\/cropped-logotm-1.png\",\"width\":512,\"height\":512,\"caption\":\"Tonnellerie MILLET\"},\"image\":{\"@id\":\"https:\/\/www.tonnelleriemillet.com\/fr\/#\/schema\/logo\/image\/\"},\"sameAs\":[\"https:\/\/www.facebook.com\/tonnelleriemillet\/\"]}]}<\/script>\n<!-- \/ Yoast SEO plugin. -->","yoast_head_json":{"title":"NOS PRODUITS - Tonnellerie Millet","robots":{"index":"index","follow":"follow","max-snippet":"max-snippet:-1","max-image-preview":"max-image-preview:large","max-video-preview":"max-video-preview:-1"},"canonical":"https:\/\/www.tonnelleriemillet.com\/fr\/nos-produits\/","og_locale":"fr_FR","og_type":"article","og_title":"NOS PRODUITS - Tonnellerie Millet","og_description":"LE CHOIX DE L&rsquo;ARTISANAT Notre gamme de barriques Nous proposons une gamme compl\u00e8te de f\u00fbts en ch\u00eane fran\u00e7ais, de capacit\u00e9s allant de 225L \u00e0 500L. Selon les mod\u00e8les, l&rsquo;\u00e9paisseur des douelles est de 22 ou 27mm : Barrique Transport (225L, 22 ou 27mm) Barrique Bordelaise Ch\u00e2teau (225L, 22mm) F\u00fbt de 300, 400 ou 500L (27mm) &hellip; Continuer la lecture de &laquo;&nbsp;NOS PRODUITS&nbsp;&raquo;","og_url":"https:\/\/www.tonnelleriemillet.com\/fr\/nos-produits\/","og_site_name":"Tonnellerie Millet","article_publisher":"https:\/\/www.facebook.com\/tonnelleriemillet\/","article_modified_time":"2021-06-21T13:27:37+00:00","og_image":[{"url":"http:\/\/www.tonnelleriemillet.com\/fr\/wp-content\/uploads\/2018\/12\/fut_outils-201x300.jpg","type":"","width":"","height":""}],"twitter_card":"summary_large_image","twitter_misc":{"Dur\u00e9e de lecture estim\u00e9e":"2 minutes"},"schema":{"@context":"https:\/\/schema.org","@graph":[{"@type":"WebPage","@id":"https:\/\/www.tonnelleriemillet.com\/fr\/nos-produits\/","url":"https:\/\/www.tonnelleriemillet.com\/fr\/nos-produits\/","name":"NOS PRODUITS - Tonnellerie Millet","isPartOf":{"@id":"https:\/\/www.tonnelleriemillet.com\/fr\/#website"},"primaryImageOfPage":{"@id":"https:\/\/www.tonnelleriemillet.com\/fr\/nos-produits\/#primaryimage"},"image":{"@id":"https:\/\/www.tonnelleriemillet.com\/fr\/nos-produits\/#primaryimage"},"thumbnailUrl":"http:\/\/www.tonnelleriemillet.com\/fr\/wp-content\/uploads\/2018\/12\/fut_outils-201x300.jpg","datePublished":"2018-12-10T17:11:28+00:00","dateModified":"2021-06-21T13:27:37+00:00","breadcrumb":{"@id":"https:\/\/www.tonnelleriemillet.com\/fr\/nos-produits\/#breadcrumb"},"inLanguage":"fr-FR","potentialAction":[{"@type":"ReadAction","target":["https:\/\/www.tonnelleriemillet.com\/fr\/nos-produits\/"]}]},{"@type":"ImageObject","inLanguage":"fr-FR","@id":"https:\/\/www.tonnelleriemillet.com\/fr\/nos-produits\/#primaryimage","url":"http:\/\/www.tonnelleriemillet.com\/fr\/wp-content\/uploads\/2018\/12\/fut_outils-201x300.jpg","contentUrl":"http:\/\/www.tonnelleriemillet.com\/fr\/wp-content\/uploads\/2018\/12\/fut_outils-201x300.jpg"},{"@type":"BreadcrumbList","@id":"https:\/\/www.tonnelleriemillet.com\/fr\/nos-produits\/#breadcrumb","itemListElement":[{"@type":"ListItem","position":1,"name":"Accueil","item":"https:\/\/www.tonnelleriemillet.com\/fr\/"},{"@type":"ListItem","position":2,"name":"NOS PRODUITS"}]},{"@type":"WebSite","@id":"https:\/\/www.tonnelleriemillet.com\/fr\/#website","url":"https:\/\/www.tonnelleriemillet.com\/fr\/","name":"Tonnellerie Millet","description":"Partenaire des Grands Vins depuis 1952","publisher":{"@id":"https:\/\/www.tonnelleriemillet.com\/fr\/#organization"},"potentialAction":[{"@type":"SearchAction","target":{"@type":"EntryPoint","urlTemplate":"https:\/\/www.tonnelleriemillet.com\/fr\/?s={search_term_string}"},"query-input":{"@type":"PropertyValueSpecification","valueRequired":true,"valueName":"search_term_string"}}],"inLanguage":"fr-FR"},{"@type":"Organization","@id":"https:\/\/www.tonnelleriemillet.com\/fr\/#organization","name":"Tonnellerie MILLET","url":"https:\/\/www.tonnelleriemillet.com\/fr\/","logo":{"@type":"ImageObject","inLanguage":"fr-FR","@id":"https:\/\/www.tonnelleriemillet.com\/fr\/#\/schema\/logo\/image\/","url":"http:\/\/www.tonnelleriemillet.com\/fr\/wp-content\/uploads\/2017\/03\/cropped-logotm-1.png","contentUrl":"http:\/\/www.tonnelleriemillet.com\/fr\/wp-content\/uploads\/2017\/03\/cropped-logotm-1.png","width":512,"height":512,"caption":"Tonnellerie MILLET"},"image":{"@id":"https:\/\/www.tonnelleriemillet.com\/fr\/#\/schema\/logo\/image\/"},"sameAs":["https:\/\/www.facebook.com\/tonnelleriemillet\/"]}]}},"_links":{"self":[{"href":"https:\/\/www.tonnelleriemillet.com\/fr\/wp-json\/wp\/v2\/pages\/1102","targetHints":{"allow":["GET"]}}],"collection":[{"href":"https:\/\/www.tonnelleriemillet.com\/fr\/wp-json\/wp\/v2\/pages"}],"about":[{"href":"https:\/\/www.tonnelleriemillet.com\/fr\/wp-json\/wp\/v2\/types\/page"}],"author":[{"embeddable":true,"href":"https:\/\/www.tonnelleriemillet.com\/fr\/wp-json\/wp\/v2\/users\/5"}],"replies":[{"embeddable":true,"href":"https:\/\/www.tonnelleriemillet.com\/fr\/wp-json\/wp\/v2\/comments?post=1102"}],"version-history":[{"count":41,"href":"https:\/\/www.tonnelleriemillet.com\/fr\/wp-json\/wp\/v2\/pages\/1102\/revisions"}],"predecessor-version":[{"id":1280,"href":"https:\/\/www.tonnelleriemillet.com\/fr\/wp-json\/wp\/v2\/pages\/1102\/revisions\/1280"}],"wp:attachment":[{"href":"https:\/\/www.tonnelleriemillet.com\/fr\/wp-json\/wp\/v2\/media?parent=1102"}],"curies":[{"name":"wp","href":"https:\/\/api.w.org\/{rel}","templated":true}]}}