{"id":11,"date":"2017-03-08T16:41:36","date_gmt":"2017-03-08T15:41:36","guid":{"rendered":"https:\/\/tonnelleriemillet.com\/fr\/?page_id=11"},"modified":"2021-06-21T15:27:27","modified_gmt":"2021-06-21T13:27:27","slug":"tracabilite","status":"publish","type":"page","link":"https:\/\/www.tonnelleriemillet.com\/fr\/tracabilite\/","title":{"rendered":"LA CHAUFFE"},"content":{"rendered":"<p style=\"text-align: justify;\"><span style=\"font-size: 18pt;\"><strong><span style=\"font-family: book antiqua, palatino, serif; color: #008000;\">R\u00c9V\u00c9LER PAR LE FEU<\/span><\/strong><\/span><\/p>\n<hr>\n<p style=\"text-align: justify;\"><span style=\"font-family: arial, helvetica, sans-serif; font-size: 10pt; color: #000000;\">Terroir, enc\u00e9pagement, parcellaire et effet mill\u00e9sime n\u00e9cessitent que chaque f\u00fbt soit con\u00e7u et r\u00e9alis\u00e9 pour le vin qu\u2019il <\/span><span style=\"font-family: arial, helvetica, sans-serif; font-size: 10pt; color: #000000;\">doit \u00e9lever. Une fois l\u2019essence et la capacit\u00e9 choisies, nous r\u00e9aliserons <strong>la chauffe qui correspond \u00e0 vos attentes<\/strong>, en <\/span><span style=\"font-family: arial, helvetica, sans-serif; font-size: 10pt; color: #000000;\">combinant harmonieusement sa dur\u00e9e et son intensit\u00e9.<\/span><\/p>\n<p style=\"text-align: justify;\"><span style=\"color: #008000;\"><em><span style=\"font-family: book antiqua, palatino, serif; font-size: 14pt;\">La chauffe au feu<\/span><\/em><\/span><\/p>\n<p style=\"text-align: justify;\"><span style=\"font-family: arial, helvetica, sans-serif; font-size: 10pt; color: #000000;\"><img loading=\"lazy\" decoding=\"async\" class=\"size-medium wp-image-1206 alignleft\" src=\"https:\/\/www.tonnelleriemillet.com\/fr\/wp-content\/uploads\/2018\/12\/chauffe_feu-238x300.jpg\" alt=\"\" width=\"238\" height=\"300\" srcset=\"https:\/\/www.tonnelleriemillet.com\/fr\/wp-content\/uploads\/2018\/12\/chauffe_feu-238x300.jpg 238w, https:\/\/www.tonnelleriemillet.com\/fr\/wp-content\/uploads\/2018\/12\/chauffe_feu-768x967.jpg 768w, https:\/\/www.tonnelleriemillet.com\/fr\/wp-content\/uploads\/2018\/12\/chauffe_feu-814x1024.jpg 814w, https:\/\/www.tonnelleriemillet.com\/fr\/wp-content\/uploads\/2018\/12\/chauffe_feu.jpg 1036w\" sizes=\"auto, (max-width: 238px) 100vw, 238px\" \/>Depuis les origines de la tonnellerie, la chauffe sert avant tout \u00e0 <strong>ployer progressivement les douelles<\/strong> de ch\u00eane pour <\/span><span style=\"font-family: arial, helvetica, sans-serif; font-size: 10pt; color: #000000;\">donner sa forme \u00e0 la barrique, sans en alt\u00e9rer la r\u00e9sistance physique. La pratique empirique du m\u00e9tier a n\u00e9anmoins <\/span><span style=\"font-family: arial, helvetica, sans-serif; font-size: 10pt; color: #000000;\">conduit les tonneliers \u00e0 comprendre les effets de la chauffe sur les vins \u00e9lev\u00e9s sous bois : r\u00e9v\u00e9lation des ar\u00f4mes du ch\u00eane,<\/span> <span style=\"font-family: arial, helvetica, sans-serif; font-size: 10pt; color: #000000;\">apports de notes grill\u00e9es ou fum\u00e9es, d\u00e9gradation des tanins, etc. Ainsi est n\u00e9 <strong>le bousinage, l\u2019\u00e9tape cl\u00e9 de chauffe des <\/strong><\/span><span style=\"font-family: arial, helvetica, sans-serif; font-size: 10pt; color: #000000;\"><strong>f\u00fbts<\/strong>, qui est d\u00e9sormais pratiqu\u00e9e apr\u00e8s le cintrage.<\/span><\/p>\n<p style=\"text-align: justify;\"><span style=\"font-family: arial, helvetica, sans-serif; font-size: 10pt; color: #000000;\"><strong>Le choix d\u2019une chauffe par combustion au bois, c\u2019est celui de la tradition<\/strong> : porter \u00e0 haute temp\u00e9rature des \u00e9courtures <\/span><span style=\"font-family: arial, helvetica, sans-serif; font-size: 10pt; color: #000000;\">de ch\u00eane enrichit la palette aromatique du bousinage, tout en permettant une valorisation \u00e9nerg\u00e9tique des chutes de <\/span><span style=\"font-family: arial, helvetica, sans-serif; font-size: 10pt; color: #000000;\">bois. Le choix de la taille et du poids des \u00e9courtures est, lui aussi, li\u00e9 \u00e0 l\u2019exp\u00e9rience du ma\u00eetre tonnelier.<\/span><\/p>\n<p>&nbsp;<\/p>\n<hr>\n<p style=\"text-align: justify;\"><span style=\"color: #008000;\"><em><span style=\"font-family: book antiqua, palatino, serif; font-size: 14pt;\">Notre gamme de chauffes<\/span><\/em><\/span><\/p>\n<p style=\"text-align: justify;\"><span style=\"font-family: arial, helvetica, sans-serif; font-size: 10pt; color: #000000;\">Au sein de notre atelier, seule l\u2019expertise de nos tonneliers est \u00e0 l\u2019\u0153uvre au moment de la chauffe des barriques. Pas de thermom\u00e8tre, de capteur ou autre outil technologique : <strong>le savoir-faire humain est au c\u0153ur du proc\u00e9d\u00e9<\/strong>.<\/span><\/p>\n<p style=\"text-align: justify;\"><span style=\"font-family: arial, helvetica, sans-serif; font-size: 10pt; color: #000000;\"><img loading=\"lazy\" decoding=\"async\" class=\"size-medium wp-image-1208 alignright\" src=\"https:\/\/www.tonnelleriemillet.com\/fr\/wp-content\/uploads\/2018\/12\/verre-214x300.jpg\" alt=\"\" width=\"214\" height=\"300\" srcset=\"https:\/\/www.tonnelleriemillet.com\/fr\/wp-content\/uploads\/2018\/12\/verre-214x300.jpg 214w, https:\/\/www.tonnelleriemillet.com\/fr\/wp-content\/uploads\/2018\/12\/verre-768x1077.jpg 768w, https:\/\/www.tonnelleriemillet.com\/fr\/wp-content\/uploads\/2018\/12\/verre-730x1024.jpg 730w, https:\/\/www.tonnelleriemillet.com\/fr\/wp-content\/uploads\/2018\/12\/verre.jpg 966w\" sizes=\"auto, (max-width: 214px) 100vw, 214px\" \/><\/span><\/p>\n<p style=\"text-align: justify;\"><span style=\"font-family: arial, helvetica, sans-serif; font-size: 10pt; color: #000000;\">Nous proposons une gamme volontairement courte de 4 chauffes :<\/span><\/p>\n<ul style=\"text-align: justify;\">\n<li><span style=\"font-family: arial, helvetica, sans-serif; font-size: 10pt;\">Chauffe \u00ab <strong>Moyenne<\/strong> \u00bb (M) : ar\u00f4mes de vanille douce, onctuosit\u00e9,<\/span> <span style=\"font-family: arial, helvetica, sans-serif; font-size: 10pt;\">rondeur et tanins \u00e9quilibr\u00e9s,<\/span><\/li>\n<li><span style=\"font-family: arial, helvetica, sans-serif; font-size: 10pt;\">Chauffe \u00ab <strong>Moyenne Plus<\/strong> \u00bb (M+) : notes grill\u00e9es et toast\u00e9es, touches d\u2019\u00e9pices et caf\u00e9, structure tannique douce,<\/span><\/li>\n<li><span style=\"font-family: arial, helvetica, sans-serif; font-size: 10pt;\">Chauffe \u00ab <strong>Moyenne Longue<\/strong> \u00bb (ML) : nez fin et discret, structure d\u00e9licate et longueur en bouche,<\/span><\/li>\n<li><span style=\"font-family: arial, helvetica, sans-serif; font-size: 10pt;\">Chauffe \u00ab <strong>Amber \u00bb<\/strong> : grande douceur, d\u00e9gradation profonde des tannins et respect maximal du fruit.<\/span><\/li>\n<\/ul>\n<p style=\"text-align: justify;\"><em><span style=\"font-family: arial, helvetica, sans-serif; font-size: 10pt;\">Notre savoir-faire artisanal nous permet de r\u00e9pondre \u00e0 de nombreuses demandes : nous sommes \u00e0 votre \u00e9coute pour <\/span><span style=\"font-family: arial, helvetica, sans-serif; font-size: 10pt;\">toute requ\u00eate particuli\u00e8re.<\/span><\/em><\/p>\n\n\n<p><\/p>\n","protected":false},"excerpt":{"rendered":"<p>R\u00c9V\u00c9LER PAR LE FEU Terroir, enc\u00e9pagement, parcellaire et effet mill\u00e9sime n\u00e9cessitent que chaque f\u00fbt soit con\u00e7u et r\u00e9alis\u00e9 pour le vin qu\u2019il doit \u00e9lever. Une fois l\u2019essence et la capacit\u00e9 choisies, nous r\u00e9aliserons la chauffe qui correspond \u00e0 vos attentes, en combinant harmonieusement sa dur\u00e9e et son intensit\u00e9. La chauffe au feu Depuis les origines &hellip; <\/p>\n<p class=\"link-more\"><a href=\"https:\/\/www.tonnelleriemillet.com\/fr\/tracabilite\/\" class=\"more-link\">Continuer la lecture<span class=\"screen-reader-text\"> de &laquo;&nbsp;LA CHAUFFE&nbsp;&raquo;<\/span><\/a><\/p>\n","protected":false},"author":5,"featured_media":0,"parent":0,"menu_order":4,"comment_status":"closed","ping_status":"closed","template":"","meta":{"ngg_post_thumbnail":0,"footnotes":""},"class_list":["post-11","page","type-page","status-publish","hentry"],"yoast_head":"<!-- This site is optimized with the Yoast SEO plugin v27.2 - https:\/\/yoast.com\/product\/yoast-seo-wordpress\/ -->\n<title>LA CHAUFFE - Tonnellerie Millet<\/title>\n<meta name=\"robots\" content=\"index, follow, max-snippet:-1, max-image-preview:large, max-video-preview:-1\" \/>\n<link rel=\"canonical\" href=\"https:\/\/www.tonnelleriemillet.com\/fr\/tracabilite\/\" \/>\n<meta property=\"og:locale\" content=\"fr_FR\" \/>\n<meta property=\"og:type\" content=\"article\" \/>\n<meta property=\"og:title\" content=\"LA CHAUFFE - Tonnellerie Millet\" \/>\n<meta property=\"og:description\" content=\"R\u00c9V\u00c9LER PAR LE FEU Terroir, enc\u00e9pagement, parcellaire et effet mill\u00e9sime n\u00e9cessitent que chaque f\u00fbt soit con\u00e7u et r\u00e9alis\u00e9 pour le vin qu\u2019il doit \u00e9lever. Une fois l\u2019essence et la capacit\u00e9 choisies, nous r\u00e9aliserons la chauffe qui correspond \u00e0 vos attentes, en combinant harmonieusement sa dur\u00e9e et son intensit\u00e9. La chauffe au feu Depuis les origines &hellip; Continuer la lecture de &laquo;&nbsp;LA CHAUFFE&nbsp;&raquo;\" \/>\n<meta property=\"og:url\" content=\"https:\/\/www.tonnelleriemillet.com\/fr\/tracabilite\/\" \/>\n<meta property=\"og:site_name\" content=\"Tonnellerie Millet\" \/>\n<meta property=\"article:publisher\" content=\"https:\/\/www.facebook.com\/tonnelleriemillet\/\" \/>\n<meta property=\"article:modified_time\" content=\"2021-06-21T13:27:27+00:00\" \/>\n<meta property=\"og:image\" content=\"http:\/\/www.tonnelleriemillet.com\/fr\/wp-content\/uploads\/2018\/12\/chauffe_feu-238x300.jpg\" \/>\n<meta name=\"twitter:card\" content=\"summary_large_image\" \/>\n<meta name=\"twitter:label1\" content=\"Dur\u00e9e de lecture estim\u00e9e\" \/>\n\t<meta name=\"twitter:data1\" content=\"2 minutes\" \/>\n<script type=\"application\/ld+json\" class=\"yoast-schema-graph\">{\"@context\":\"https:\/\/schema.org\",\"@graph\":[{\"@type\":\"WebPage\",\"@id\":\"https:\/\/www.tonnelleriemillet.com\/fr\/tracabilite\/\",\"url\":\"https:\/\/www.tonnelleriemillet.com\/fr\/tracabilite\/\",\"name\":\"LA CHAUFFE - Tonnellerie Millet\",\"isPartOf\":{\"@id\":\"https:\/\/www.tonnelleriemillet.com\/fr\/#website\"},\"primaryImageOfPage\":{\"@id\":\"https:\/\/www.tonnelleriemillet.com\/fr\/tracabilite\/#primaryimage\"},\"image\":{\"@id\":\"https:\/\/www.tonnelleriemillet.com\/fr\/tracabilite\/#primaryimage\"},\"thumbnailUrl\":\"http:\/\/www.tonnelleriemillet.com\/fr\/wp-content\/uploads\/2018\/12\/chauffe_feu-238x300.jpg\",\"datePublished\":\"2017-03-08T15:41:36+00:00\",\"dateModified\":\"2021-06-21T13:27:27+00:00\",\"breadcrumb\":{\"@id\":\"https:\/\/www.tonnelleriemillet.com\/fr\/tracabilite\/#breadcrumb\"},\"inLanguage\":\"fr-FR\",\"potentialAction\":[{\"@type\":\"ReadAction\",\"target\":[\"https:\/\/www.tonnelleriemillet.com\/fr\/tracabilite\/\"]}]},{\"@type\":\"ImageObject\",\"inLanguage\":\"fr-FR\",\"@id\":\"https:\/\/www.tonnelleriemillet.com\/fr\/tracabilite\/#primaryimage\",\"url\":\"http:\/\/www.tonnelleriemillet.com\/fr\/wp-content\/uploads\/2018\/12\/chauffe_feu-238x300.jpg\",\"contentUrl\":\"http:\/\/www.tonnelleriemillet.com\/fr\/wp-content\/uploads\/2018\/12\/chauffe_feu-238x300.jpg\"},{\"@type\":\"BreadcrumbList\",\"@id\":\"https:\/\/www.tonnelleriemillet.com\/fr\/tracabilite\/#breadcrumb\",\"itemListElement\":[{\"@type\":\"ListItem\",\"position\":1,\"name\":\"Accueil\",\"item\":\"https:\/\/www.tonnelleriemillet.com\/fr\/\"},{\"@type\":\"ListItem\",\"position\":2,\"name\":\"LA CHAUFFE\"}]},{\"@type\":\"WebSite\",\"@id\":\"https:\/\/www.tonnelleriemillet.com\/fr\/#website\",\"url\":\"https:\/\/www.tonnelleriemillet.com\/fr\/\",\"name\":\"Tonnellerie Millet\",\"description\":\"Partenaire des Grands Vins depuis 1952\",\"publisher\":{\"@id\":\"https:\/\/www.tonnelleriemillet.com\/fr\/#organization\"},\"potentialAction\":[{\"@type\":\"SearchAction\",\"target\":{\"@type\":\"EntryPoint\",\"urlTemplate\":\"https:\/\/www.tonnelleriemillet.com\/fr\/?s={search_term_string}\"},\"query-input\":{\"@type\":\"PropertyValueSpecification\",\"valueRequired\":true,\"valueName\":\"search_term_string\"}}],\"inLanguage\":\"fr-FR\"},{\"@type\":\"Organization\",\"@id\":\"https:\/\/www.tonnelleriemillet.com\/fr\/#organization\",\"name\":\"Tonnellerie MILLET\",\"url\":\"https:\/\/www.tonnelleriemillet.com\/fr\/\",\"logo\":{\"@type\":\"ImageObject\",\"inLanguage\":\"fr-FR\",\"@id\":\"https:\/\/www.tonnelleriemillet.com\/fr\/#\/schema\/logo\/image\/\",\"url\":\"http:\/\/www.tonnelleriemillet.com\/fr\/wp-content\/uploads\/2017\/03\/cropped-logotm-1.png\",\"contentUrl\":\"http:\/\/www.tonnelleriemillet.com\/fr\/wp-content\/uploads\/2017\/03\/cropped-logotm-1.png\",\"width\":512,\"height\":512,\"caption\":\"Tonnellerie MILLET\"},\"image\":{\"@id\":\"https:\/\/www.tonnelleriemillet.com\/fr\/#\/schema\/logo\/image\/\"},\"sameAs\":[\"https:\/\/www.facebook.com\/tonnelleriemillet\/\"]}]}<\/script>\n<!-- \/ Yoast SEO plugin. -->","yoast_head_json":{"title":"LA CHAUFFE - Tonnellerie Millet","robots":{"index":"index","follow":"follow","max-snippet":"max-snippet:-1","max-image-preview":"max-image-preview:large","max-video-preview":"max-video-preview:-1"},"canonical":"https:\/\/www.tonnelleriemillet.com\/fr\/tracabilite\/","og_locale":"fr_FR","og_type":"article","og_title":"LA CHAUFFE - Tonnellerie Millet","og_description":"R\u00c9V\u00c9LER PAR LE FEU Terroir, enc\u00e9pagement, parcellaire et effet mill\u00e9sime n\u00e9cessitent que chaque f\u00fbt soit con\u00e7u et r\u00e9alis\u00e9 pour le vin qu\u2019il doit \u00e9lever. Une fois l\u2019essence et la capacit\u00e9 choisies, nous r\u00e9aliserons la chauffe qui correspond \u00e0 vos attentes, en combinant harmonieusement sa dur\u00e9e et son intensit\u00e9. La chauffe au feu Depuis les origines &hellip; Continuer la lecture de &laquo;&nbsp;LA CHAUFFE&nbsp;&raquo;","og_url":"https:\/\/www.tonnelleriemillet.com\/fr\/tracabilite\/","og_site_name":"Tonnellerie Millet","article_publisher":"https:\/\/www.facebook.com\/tonnelleriemillet\/","article_modified_time":"2021-06-21T13:27:27+00:00","og_image":[{"url":"http:\/\/www.tonnelleriemillet.com\/fr\/wp-content\/uploads\/2018\/12\/chauffe_feu-238x300.jpg","type":"","width":"","height":""}],"twitter_card":"summary_large_image","twitter_misc":{"Dur\u00e9e de lecture estim\u00e9e":"2 minutes"},"schema":{"@context":"https:\/\/schema.org","@graph":[{"@type":"WebPage","@id":"https:\/\/www.tonnelleriemillet.com\/fr\/tracabilite\/","url":"https:\/\/www.tonnelleriemillet.com\/fr\/tracabilite\/","name":"LA CHAUFFE - Tonnellerie Millet","isPartOf":{"@id":"https:\/\/www.tonnelleriemillet.com\/fr\/#website"},"primaryImageOfPage":{"@id":"https:\/\/www.tonnelleriemillet.com\/fr\/tracabilite\/#primaryimage"},"image":{"@id":"https:\/\/www.tonnelleriemillet.com\/fr\/tracabilite\/#primaryimage"},"thumbnailUrl":"http:\/\/www.tonnelleriemillet.com\/fr\/wp-content\/uploads\/2018\/12\/chauffe_feu-238x300.jpg","datePublished":"2017-03-08T15:41:36+00:00","dateModified":"2021-06-21T13:27:27+00:00","breadcrumb":{"@id":"https:\/\/www.tonnelleriemillet.com\/fr\/tracabilite\/#breadcrumb"},"inLanguage":"fr-FR","potentialAction":[{"@type":"ReadAction","target":["https:\/\/www.tonnelleriemillet.com\/fr\/tracabilite\/"]}]},{"@type":"ImageObject","inLanguage":"fr-FR","@id":"https:\/\/www.tonnelleriemillet.com\/fr\/tracabilite\/#primaryimage","url":"http:\/\/www.tonnelleriemillet.com\/fr\/wp-content\/uploads\/2018\/12\/chauffe_feu-238x300.jpg","contentUrl":"http:\/\/www.tonnelleriemillet.com\/fr\/wp-content\/uploads\/2018\/12\/chauffe_feu-238x300.jpg"},{"@type":"BreadcrumbList","@id":"https:\/\/www.tonnelleriemillet.com\/fr\/tracabilite\/#breadcrumb","itemListElement":[{"@type":"ListItem","position":1,"name":"Accueil","item":"https:\/\/www.tonnelleriemillet.com\/fr\/"},{"@type":"ListItem","position":2,"name":"LA CHAUFFE"}]},{"@type":"WebSite","@id":"https:\/\/www.tonnelleriemillet.com\/fr\/#website","url":"https:\/\/www.tonnelleriemillet.com\/fr\/","name":"Tonnellerie Millet","description":"Partenaire des Grands Vins depuis 1952","publisher":{"@id":"https:\/\/www.tonnelleriemillet.com\/fr\/#organization"},"potentialAction":[{"@type":"SearchAction","target":{"@type":"EntryPoint","urlTemplate":"https:\/\/www.tonnelleriemillet.com\/fr\/?s={search_term_string}"},"query-input":{"@type":"PropertyValueSpecification","valueRequired":true,"valueName":"search_term_string"}}],"inLanguage":"fr-FR"},{"@type":"Organization","@id":"https:\/\/www.tonnelleriemillet.com\/fr\/#organization","name":"Tonnellerie MILLET","url":"https:\/\/www.tonnelleriemillet.com\/fr\/","logo":{"@type":"ImageObject","inLanguage":"fr-FR","@id":"https:\/\/www.tonnelleriemillet.com\/fr\/#\/schema\/logo\/image\/","url":"http:\/\/www.tonnelleriemillet.com\/fr\/wp-content\/uploads\/2017\/03\/cropped-logotm-1.png","contentUrl":"http:\/\/www.tonnelleriemillet.com\/fr\/wp-content\/uploads\/2017\/03\/cropped-logotm-1.png","width":512,"height":512,"caption":"Tonnellerie MILLET"},"image":{"@id":"https:\/\/www.tonnelleriemillet.com\/fr\/#\/schema\/logo\/image\/"},"sameAs":["https:\/\/www.facebook.com\/tonnelleriemillet\/"]}]}},"_links":{"self":[{"href":"https:\/\/www.tonnelleriemillet.com\/fr\/wp-json\/wp\/v2\/pages\/11","targetHints":{"allow":["GET"]}}],"collection":[{"href":"https:\/\/www.tonnelleriemillet.com\/fr\/wp-json\/wp\/v2\/pages"}],"about":[{"href":"https:\/\/www.tonnelleriemillet.com\/fr\/wp-json\/wp\/v2\/types\/page"}],"author":[{"embeddable":true,"href":"https:\/\/www.tonnelleriemillet.com\/fr\/wp-json\/wp\/v2\/users\/5"}],"replies":[{"embeddable":true,"href":"https:\/\/www.tonnelleriemillet.com\/fr\/wp-json\/wp\/v2\/comments?post=11"}],"version-history":[{"count":87,"href":"https:\/\/www.tonnelleriemillet.com\/fr\/wp-json\/wp\/v2\/pages\/11\/revisions"}],"predecessor-version":[{"id":1262,"href":"https:\/\/www.tonnelleriemillet.com\/fr\/wp-json\/wp\/v2\/pages\/11\/revisions\/1262"}],"wp:attachment":[{"href":"https:\/\/www.tonnelleriemillet.com\/fr\/wp-json\/wp\/v2\/media?parent=11"}],"curies":[{"name":"wp","href":"https:\/\/api.w.org\/{rel}","templated":true}]}}