{"id":516,"date":"2019-01-07T15:43:59","date_gmt":"2019-01-07T14:43:59","guid":{"rendered":"http:\/\/www.tonnelleriemillet.com\/en\/?page_id=516"},"modified":"2019-01-09T18:43:44","modified_gmt":"2019-01-09T17:43:44","slug":"privacy-policy","status":"publish","type":"page","link":"https:\/\/www.tonnelleriemillet.com\/en\/privacy-policy\/","title":{"rendered":"Privacy Policy"},"content":{"rendered":"\n<h2 class=\"wp-block-heading\">Who we are<\/h2>\n\n\n\n<p><strong>Cr\u00e9dits Photos : Fran\u00e7ois Blazquez, Gr\u00e9goire M\u00e4hler<\/strong><\/p>\n\n\n\n<hr class=\"wp-block-separator\"\/>\n\n\n\n<p><strong>MENTIONS L\u00c9GALES<\/strong><\/p>\n\n\n\n<p><strong>1. IDENTIT\u00c9<\/strong><\/p>\n\n\n\n<p>Raison sociale : TONNELLERIE MILLET<br>Forme juridique : Soci\u00e9t\u00e9 par actions simplifi\u00e9e<br>Si\u00e8ge social : 39 route de Cavignac, 33133 Galgon<br>Capital social : 8000,00 Euros<br>N\u00b0 RCS : 399 848 332 R.C.S. Libourne<br>Directeur g\u00e9n\u00e9ral : Nicolas M\u00c4HLER-BESSE<br>Responsable de la publication : Tonnellerie Millet<\/p>\n\n\n\n<p>Le Site www.tonnelleriemillet.com est h\u00e9berg\u00e9 par la soci\u00e9t\u00e9 OVH : 2 rue Kellermann, 59100 Roubaix, France \u2013 T\u00e9l. : 1007. <br><\/p>\n\n\n\n<p><strong>2. CONDITIONS D\u2019UTILISATION<\/strong><\/p>\n\n\n\n<p>En\n utilisant ce Site et les informations qui y sont contenues, les \nutilisateurs reconnaissent avoir pris connaissance, compris et accept\u00e9 \nles mentions l\u00e9gales qui suivent.<\/p>\n\n\n\n<p>Ce\n Site a pour objet de fournir des informations g\u00e9n\u00e9rales sur les \nactivit\u00e9s de la Tonnellerie MILLET. La Tonnellerie MILLET s\u2019efforce \nd\u2019assurer le bon fonctionnement et la s\u00e9curit\u00e9 informatique de ce site \nainsi que l\u2019exactitude et la mise \u00e0 jour des informations qui y sont \ndiffus\u00e9es.&nbsp; Toutefois, la Tonnellerie MILLET ne peut garantir \nl\u2019exactitude, la pr\u00e9cision ou l\u2019exhaustivit\u00e9 des informations \ndisponibles sur ce site. Il appartient aux utilisateurs du site de \nv\u00e9rifier l\u2019information par d\u2019autres moyens, y compris en contactant la \nTonnellerie MILLET.<\/p>\n\n\n\n<p>En\n particulier, la Tonnellerie MILLET d\u00e9cline toute responsabilit\u00e9 : \u2013 \npour toute impr\u00e9cision, inexactitude ou omission portant sur des \ninformations disponibles sur le Site ; \u2013 pour tous dommages r\u00e9sultant \nd\u2019une intrusion frauduleuse d\u2019un tiers ayant entra\u00een\u00e9 une modification \ndes informations mises \u00e0 la disposition sur le site ; \u2013 et plus \ng\u00e9n\u00e9ralement pour tous dommages, directs ou indirects, qu\u2019elles qu\u2019en \nsoient les causes, origines, nature ou cons\u00e9quences, provoqu\u00e9s en raison\n de l\u2019acc\u00e8s de quiconque au site ou de l\u2019impossibilit\u00e9 d\u2019y acc\u00e9der, de \nm\u00eame que l\u2019utilisation du site et\/ou du cr\u00e9dit accord\u00e9 \u00e0 une quelconque \ninformation provenant directement ou indirectement de ce dernier.<\/p>\n\n\n\n<p>La\n Tonnellerie MILLET se r\u00e9serve le droit de modifier, lorsqu\u2019elle le \njugera opportun, \u00e0 tout moment et sans pr\u00e9avis, le contenu de ce Site.<\/p>\n\n\n\n<p>Les\n informations diffus\u00e9es sur ce site ne sauraient \u00eatre consid\u00e9r\u00e9es comme \nune incitation \u00e0 investir. Elles ne doivent en aucun cas \u00eatre \ninterpr\u00e9t\u00e9es comme un d\u00e9marchage et ne constituent pas une offre de \nsouscription, d\u2019achat ou d\u2019\u00e9change d\u2019actions ou autres valeurs \nmobili\u00e8res de la Tonnellerie MILLET ou de tout autre \u00e9metteur. En \ncons\u00e9quence, la Tonnellerie MILLET ne peut \u00eatre tenu pour responsable du\n contenu ou de l\u2019exactitude de tout ou partie des informations \ntransmises sur son site internet et de tout ordre ou d\u00e9cision \nd\u2019investissement bas\u00e9s sur de telles informations. Il appartient aux \npersonnes qui sont soumises \u00e0 une l\u00e9gislation \u00e9trang\u00e8re de s\u2019assurer que\n l\u2019utilisation du site est conforme \u00e0 leur l\u00e9gislation nationale. La \nTonnellerie MILLET ne saurait \u00eatre tenue pour responsable d\u2019une \nutilisation du site contraire \u00e0 la l\u00e9gislation locale.<\/p>\n\n\n\n<p>La\n Tonnellerie MILLET n\u2019est pas responsable du contenu des sites web \naccessibles \u00e0 partir de ce Site par des liens hypertextes ou autres. Le \nfait qu\u2019un lien soit pr\u00e9sent sur ce site ne signifie pas que la \nTonnellerie MILLET assume la responsabilit\u00e9 du contenu d\u2019un tel autre \nsite, ni des services ou produits qu\u2019il peut contenir. L\u2019acc\u00e8s \u00e0 ces \nsites et leur utilisation se fait sous la seule responsabilit\u00e9 des \nutilisateurs et ne saurait en aucun cas engager la responsabilit\u00e9 de la \nTonnellerie MILLET. Les utilisateurs du site ne sauraient mettre en \nplace un hyperlien en direction de ce site sans l\u2019autorisation expresse \n\u00e9crite et pr\u00e9alable de la Tonnellerie MILLET.<\/p>\n\n\n\n<p>Sauf\n mention contraire, les droits de propri\u00e9t\u00e9 intellectuelle sur les \ndocuments contenus dans le site et chacun des \u00e9l\u00e9ments cr\u00e9\u00e9s pour ce \nsite sont la propri\u00e9t\u00e9 exclusive de la Tonnellerie MILLET. La \nreproduction de tous documents publi\u00e9s sur le site est seulement \nautoris\u00e9e aux fins exclusives d\u2019information pour un usage personnel et \npriv\u00e9, toute reproduction et toute utilisation de copies \u00e0 d\u2019autres fins\n \u00e9tant express\u00e9ment interdite.<\/p>\n\n\n\n<p><strong>3. DONN\u00c9ES PERSONNELLES<\/strong><\/p>\n\n\n\n<p>Les\n informations que vous saisirez seront enregistr\u00e9es par la soci\u00e9t\u00e9, \nresponsable du traitement. Elles seront analys\u00e9es et transmises aux \ndiff\u00e9rents services concern\u00e9s pour les n\u00e9cessit\u00e9s de la gestion interne.\n Ces informations pourront \u00eatre communiqu\u00e9es aux prestataires de la \nsoci\u00e9t\u00e9 pour l\u2019ex\u00e9cution de travaux effectu\u00e9s pour son compte.<\/p>\n\n\n\n<p>La\n loi \u00ab&nbsp;Informatique et Libert\u00e9s&nbsp;\u00bb du 06.01.1978 vous fait b\u00e9n\u00e9ficier \nd\u2019un droit d\u2019acc\u00e8s, de rectification et de suppression des donn\u00e9es \npersonnelles que vous nous communiquez. Si vous voulez exercer ce droit,\n signalez-le-nous par courrier, en pr\u00e9cisant vos nom, pr\u00e9nom et adresse,\n \u00e0 : Tonnellerie Millet&nbsp;La Giraude, 39 Route de Cavignac, 33133 GALGON \nou par e-mail \u00e0 l\u2019adresse suivante : <a href=\"mailto:contact@tonnelleriemillet.com\">contact@tonnelleriemillet.com<\/a><\/p>\n\n\n\n<p><strong>4. COOKIES<\/strong><\/p>\n\n\n\n<p>Les\n cookies sont des fichiers textes conserv\u00e9s par votre navigateur. \nCertains d\u2019entre eux sont n\u00e9cessaires pour assurer le bon fonctionnement\n du site et la meilleure exp\u00e9rience de navigation possible. Ils \npermettent \u00e9galement \u00e0 la Tonnellerie MILLET de comprendre l\u2019utilisation\n que vous faites du site dans un but de constante optimisation. La \nTonnellerie MILLET vous rappelle que les cookies ne lui permettent pas \nde vous identifier et que la dur\u00e9e de conservation des informations \nenregistr\u00e9es par les cookies dans votre ordinateur est de 6 mois. \nToutefois, et conform\u00e9ment aux recommandations de la Commission \nNationale de l\u2019Informatique et des Libert\u00e9s, la Tonnellerie MILLET vous \ninforme que vous pouvez vous opposer \u00e0 l\u2019enregistrement des cookies en \nconfigurant votre navigateur en ce sens. Le consentement donn\u00e9 par \nl\u2019utilisateur du site internet de la Tonnellerie MILLET concernant \nl\u2019utilisation des cookies est d\u2019une dur\u00e9e de 13 mois.<\/p>\n\n\n\n<p><strong>5. DROIT APPLICABLE<\/strong><\/p>\n\n\n\n<p>Le\n Site et ses conditions d\u2019acc\u00e8s et d\u2019utilisation sont r\u00e9gis par le droit\n fran\u00e7ais. Tout diff\u00e9rend relatif au dit site Internet sera soumis \u00e0 la \ncomp\u00e9tence exclusive des Tribunaux de Bordeaux.<\/p>\n","protected":false},"excerpt":{"rendered":"<p>Who we are Cr\u00e9dits Photos : Fran\u00e7ois Blazquez, Gr\u00e9goire M\u00e4hler MENTIONS L\u00c9GALES 1. IDENTIT\u00c9 Raison sociale : TONNELLERIE MILLETForme juridique : Soci\u00e9t\u00e9 par actions simplifi\u00e9eSi\u00e8ge social : 39 route de Cavignac, 33133 GalgonCapital social : 8000,00 EurosN\u00b0 RCS : 399 848 332 R.C.S. LibourneDirecteur g\u00e9n\u00e9ral : Nicolas M\u00c4HLER-BESSEResponsable de la publication : Tonnellerie Millet Le &hellip; <\/p>\n<p class=\"link-more\"><a href=\"https:\/\/www.tonnelleriemillet.com\/en\/privacy-policy\/\" class=\"more-link\">Continue reading<span class=\"screen-reader-text\"> &#8220;Privacy Policy&#8221;<\/span><\/a><\/p>\n","protected":false},"author":4,"featured_media":0,"parent":0,"menu_order":0,"comment_status":"closed","ping_status":"closed","template":"","meta":{"ngg_post_thumbnail":0,"footnotes":""},"class_list":["post-516","page","type-page","status-publish","hentry"],"yoast_head":"<!-- This site is optimized with the Yoast SEO plugin v27.2 - https:\/\/yoast.com\/product\/yoast-seo-wordpress\/ -->\n<title>Privacy Policy - Millet Cooperage<\/title>\n<meta name=\"robots\" content=\"index, follow, max-snippet:-1, max-image-preview:large, max-video-preview:-1\" \/>\n<link rel=\"canonical\" href=\"https:\/\/www.tonnelleriemillet.com\/en\/privacy-policy\/\" \/>\n<meta property=\"og:locale\" content=\"en_US\" \/>\n<meta property=\"og:type\" content=\"article\" \/>\n<meta property=\"og:title\" content=\"Privacy Policy - Millet Cooperage\" \/>\n<meta property=\"og:description\" content=\"Who we are Cr\u00e9dits Photos : Fran\u00e7ois Blazquez, Gr\u00e9goire M\u00e4hler MENTIONS L\u00c9GALES 1. IDENTIT\u00c9 Raison sociale : TONNELLERIE MILLETForme juridique : Soci\u00e9t\u00e9 par actions simplifi\u00e9eSi\u00e8ge social : 39 route de Cavignac, 33133 GalgonCapital social : 8000,00 EurosN\u00b0 RCS : 399 848 332 R.C.S. LibourneDirecteur g\u00e9n\u00e9ral : Nicolas M\u00c4HLER-BESSEResponsable de la publication : Tonnellerie Millet Le &hellip; Continue reading &quot;Privacy Policy&quot;\" \/>\n<meta property=\"og:url\" content=\"https:\/\/www.tonnelleriemillet.com\/en\/privacy-policy\/\" \/>\n<meta property=\"og:site_name\" content=\"Millet Cooperage\" \/>\n<meta property=\"article:publisher\" content=\"https:\/\/www.facebook.com\/tonnelleriemillet\/\" \/>\n<meta property=\"article:modified_time\" content=\"2019-01-09T17:43:44+00:00\" \/>\n<meta name=\"twitter:card\" content=\"summary_large_image\" \/>\n<meta name=\"twitter:label1\" content=\"Est. reading time\" \/>\n\t<meta name=\"twitter:data1\" content=\"5 minutes\" \/>\n<script type=\"application\/ld+json\" class=\"yoast-schema-graph\">{\"@context\":\"https:\/\/schema.org\",\"@graph\":[{\"@type\":\"WebPage\",\"@id\":\"https:\/\/www.tonnelleriemillet.com\/en\/privacy-policy\/\",\"url\":\"https:\/\/www.tonnelleriemillet.com\/en\/privacy-policy\/\",\"name\":\"Privacy Policy - Millet Cooperage\",\"isPartOf\":{\"@id\":\"https:\/\/www.tonnelleriemillet.com\/en\/#website\"},\"datePublished\":\"2019-01-07T14:43:59+00:00\",\"dateModified\":\"2019-01-09T17:43:44+00:00\",\"breadcrumb\":{\"@id\":\"https:\/\/www.tonnelleriemillet.com\/en\/privacy-policy\/#breadcrumb\"},\"inLanguage\":\"en-US\",\"potentialAction\":[{\"@type\":\"ReadAction\",\"target\":[\"https:\/\/www.tonnelleriemillet.com\/en\/privacy-policy\/\"]}]},{\"@type\":\"BreadcrumbList\",\"@id\":\"https:\/\/www.tonnelleriemillet.com\/en\/privacy-policy\/#breadcrumb\",\"itemListElement\":[{\"@type\":\"ListItem\",\"position\":1,\"name\":\"Home\",\"item\":\"https:\/\/www.tonnelleriemillet.com\/en\/\"},{\"@type\":\"ListItem\",\"position\":2,\"name\":\"Privacy Policy\"}]},{\"@type\":\"WebSite\",\"@id\":\"https:\/\/www.tonnelleriemillet.com\/en\/#website\",\"url\":\"https:\/\/www.tonnelleriemillet.com\/en\/\",\"name\":\"Millet Cooperage\",\"description\":\"Partner of Great Wines since 1952\",\"publisher\":{\"@id\":\"https:\/\/www.tonnelleriemillet.com\/en\/#organization\"},\"potentialAction\":[{\"@type\":\"SearchAction\",\"target\":{\"@type\":\"EntryPoint\",\"urlTemplate\":\"https:\/\/www.tonnelleriemillet.com\/en\/?s={search_term_string}\"},\"query-input\":{\"@type\":\"PropertyValueSpecification\",\"valueRequired\":true,\"valueName\":\"search_term_string\"}}],\"inLanguage\":\"en-US\"},{\"@type\":\"Organization\",\"@id\":\"https:\/\/www.tonnelleriemillet.com\/en\/#organization\",\"name\":\"MILLET Cooperage\",\"url\":\"https:\/\/www.tonnelleriemillet.com\/en\/\",\"logo\":{\"@type\":\"ImageObject\",\"inLanguage\":\"en-US\",\"@id\":\"https:\/\/www.tonnelleriemillet.com\/en\/#\/schema\/logo\/image\/\",\"url\":\"https:\/\/www.tonnelleriemillet.com\/en\/wp-content\/uploads\/2017\/03\/cropped-logotm-1.png\",\"contentUrl\":\"https:\/\/www.tonnelleriemillet.com\/en\/wp-content\/uploads\/2017\/03\/cropped-logotm-1.png\",\"width\":512,\"height\":512,\"caption\":\"MILLET Cooperage\"},\"image\":{\"@id\":\"https:\/\/www.tonnelleriemillet.com\/en\/#\/schema\/logo\/image\/\"},\"sameAs\":[\"https:\/\/www.facebook.com\/tonnelleriemillet\/\"]}]}<\/script>\n<!-- \/ Yoast SEO plugin. -->","yoast_head_json":{"title":"Privacy Policy - Millet Cooperage","robots":{"index":"index","follow":"follow","max-snippet":"max-snippet:-1","max-image-preview":"max-image-preview:large","max-video-preview":"max-video-preview:-1"},"canonical":"https:\/\/www.tonnelleriemillet.com\/en\/privacy-policy\/","og_locale":"en_US","og_type":"article","og_title":"Privacy Policy - Millet Cooperage","og_description":"Who we are Cr\u00e9dits Photos : Fran\u00e7ois Blazquez, Gr\u00e9goire M\u00e4hler MENTIONS L\u00c9GALES 1. IDENTIT\u00c9 Raison sociale : TONNELLERIE MILLETForme juridique : Soci\u00e9t\u00e9 par actions simplifi\u00e9eSi\u00e8ge social : 39 route de Cavignac, 33133 GalgonCapital social : 8000,00 EurosN\u00b0 RCS : 399 848 332 R.C.S. LibourneDirecteur g\u00e9n\u00e9ral : Nicolas M\u00c4HLER-BESSEResponsable de la publication : Tonnellerie Millet Le &hellip; Continue reading \"Privacy Policy\"","og_url":"https:\/\/www.tonnelleriemillet.com\/en\/privacy-policy\/","og_site_name":"Millet Cooperage","article_publisher":"https:\/\/www.facebook.com\/tonnelleriemillet\/","article_modified_time":"2019-01-09T17:43:44+00:00","twitter_card":"summary_large_image","twitter_misc":{"Est. reading time":"5 minutes"},"schema":{"@context":"https:\/\/schema.org","@graph":[{"@type":"WebPage","@id":"https:\/\/www.tonnelleriemillet.com\/en\/privacy-policy\/","url":"https:\/\/www.tonnelleriemillet.com\/en\/privacy-policy\/","name":"Privacy Policy - Millet Cooperage","isPartOf":{"@id":"https:\/\/www.tonnelleriemillet.com\/en\/#website"},"datePublished":"2019-01-07T14:43:59+00:00","dateModified":"2019-01-09T17:43:44+00:00","breadcrumb":{"@id":"https:\/\/www.tonnelleriemillet.com\/en\/privacy-policy\/#breadcrumb"},"inLanguage":"en-US","potentialAction":[{"@type":"ReadAction","target":["https:\/\/www.tonnelleriemillet.com\/en\/privacy-policy\/"]}]},{"@type":"BreadcrumbList","@id":"https:\/\/www.tonnelleriemillet.com\/en\/privacy-policy\/#breadcrumb","itemListElement":[{"@type":"ListItem","position":1,"name":"Home","item":"https:\/\/www.tonnelleriemillet.com\/en\/"},{"@type":"ListItem","position":2,"name":"Privacy Policy"}]},{"@type":"WebSite","@id":"https:\/\/www.tonnelleriemillet.com\/en\/#website","url":"https:\/\/www.tonnelleriemillet.com\/en\/","name":"Millet Cooperage","description":"Partner of Great Wines since 1952","publisher":{"@id":"https:\/\/www.tonnelleriemillet.com\/en\/#organization"},"potentialAction":[{"@type":"SearchAction","target":{"@type":"EntryPoint","urlTemplate":"https:\/\/www.tonnelleriemillet.com\/en\/?s={search_term_string}"},"query-input":{"@type":"PropertyValueSpecification","valueRequired":true,"valueName":"search_term_string"}}],"inLanguage":"en-US"},{"@type":"Organization","@id":"https:\/\/www.tonnelleriemillet.com\/en\/#organization","name":"MILLET Cooperage","url":"https:\/\/www.tonnelleriemillet.com\/en\/","logo":{"@type":"ImageObject","inLanguage":"en-US","@id":"https:\/\/www.tonnelleriemillet.com\/en\/#\/schema\/logo\/image\/","url":"https:\/\/www.tonnelleriemillet.com\/en\/wp-content\/uploads\/2017\/03\/cropped-logotm-1.png","contentUrl":"https:\/\/www.tonnelleriemillet.com\/en\/wp-content\/uploads\/2017\/03\/cropped-logotm-1.png","width":512,"height":512,"caption":"MILLET Cooperage"},"image":{"@id":"https:\/\/www.tonnelleriemillet.com\/en\/#\/schema\/logo\/image\/"},"sameAs":["https:\/\/www.facebook.com\/tonnelleriemillet\/"]}]}},"_links":{"self":[{"href":"https:\/\/www.tonnelleriemillet.com\/en\/wp-json\/wp\/v2\/pages\/516","targetHints":{"allow":["GET"]}}],"collection":[{"href":"https:\/\/www.tonnelleriemillet.com\/en\/wp-json\/wp\/v2\/pages"}],"about":[{"href":"https:\/\/www.tonnelleriemillet.com\/en\/wp-json\/wp\/v2\/types\/page"}],"author":[{"embeddable":true,"href":"https:\/\/www.tonnelleriemillet.com\/en\/wp-json\/wp\/v2\/users\/4"}],"replies":[{"embeddable":true,"href":"https:\/\/www.tonnelleriemillet.com\/en\/wp-json\/wp\/v2\/comments?post=516"}],"version-history":[{"count":1,"href":"https:\/\/www.tonnelleriemillet.com\/en\/wp-json\/wp\/v2\/pages\/516\/revisions"}],"predecessor-version":[{"id":517,"href":"https:\/\/www.tonnelleriemillet.com\/en\/wp-json\/wp\/v2\/pages\/516\/revisions\/517"}],"wp:attachment":[{"href":"https:\/\/www.tonnelleriemillet.com\/en\/wp-json\/wp\/v2\/media?parent=516"}],"curies":[{"name":"wp","href":"https:\/\/api.w.org\/{rel}","templated":true}]}}